{"id":22908,"date":"2024-12-16T12:40:04","date_gmt":"2024-12-16T11:40:04","guid":{"rendered":"https:\/\/performance-msg-life-sk.rucolabs.sk\/?page_id=22908"},"modified":"2025-11-14T11:16:21","modified_gmt":"2025-11-14T10:16:21","slug":"programmierer","status":"publish","type":"page","link":"https:\/\/performance-msg-life-sk.rucolabs.sk\/de\/stellenangebote\/programmierer\/","title":{"rendered":"Programmierer"},"content":{"rendered":"<h2 id=\"ponuky-prace\" style=\"text-align: left;\">Programmierer Job (2 aktuelle Angebote) &#8211; April 2026<\/h2>\n<p style=\"text-align: left;\">Bist du ein Programmierer oder eine Programmiererin auf der Suche nach neuen Herausforderungen und Jobangeboten f\u00fcr Entwickler? W\u00e4hle aus den aktuellen <strong>Stellenangeboten f\u00fcr Programmierer<\/strong>, sende uns deinen Lebenslauf und bewirb dich als Entwickler f\u00fcr einen der f\u00fchrenden Anbieter von IT-L\u00f6sungen und Beratung in der Versicherungsbranche \u2013 <strong>msg life Slovakia<\/strong>.<\/p>\n<ul style=\"text-align: left;\">\n<li style=\"list-style-type: none;\">\n<ul><!--\n \t\n\n<li><a href=\"https:\/\/performance-msg-life-sk.rucolabs.sk\/praca\/\">Java program\u00e1tor expert<\/a><\/li>\n\n\n \t\n\n<li><a href=\"https:\/\/performance-msg-life-sk.rucolabs.sk\/praca\/\">Java program\u00e1tor senior<\/a><\/li>\n\n\n \t\n\n<li><a href=\"https:\/\/performance-msg-life-sk.rucolabs.sk\/praca\/\">Java program\u00e1tor medior<\/a><\/li>\n\n\n--><\/ul>\n<\/li>\n<\/ul>\n<ul style=\"text-align: left;\">\n<li><a href=\"https:\/\/performance-msg-life-sk.rucolabs.sk\/praca\/\">Data Scientist<\/a><\/li>\n<li><a href=\"https:\/\/performance-msg-life-sk.rucolabs.sk\/de\/stellenangebote\/\">AWS Data Scientist<\/a><\/li>\n<\/ul>\n<p style=\"text-align: left;\">Wir suchen zuverl\u00e4ssige Entwickler, die keine Angst vor herausfordernden, aber interessanten Projekten haben und in einem agilen Projektteam arbeiten m\u00f6chten. Als Software-Entwickler beteiligst du dich <strong>an der Entwicklung von innovativen technischen L\u00f6sungen<\/strong> f\u00fcr gro\u00dfe <strong>internationale Kunden<\/strong>.<\/p>\n<p style=\"text-align: left;\">Unsere Software hilft Versicherungsexperten, die Herausforderungen der Digitalisierung zu meistern und Anwendungen und Technologieplattformen <strong>in mehr als 30 L\u00e4ndern der Welt zu modernisieren<\/strong>. Mit mehr als 25 Jahren Erfahrung bieten wir ein stabiles Arbeitsumfeld und berufliche Entwicklungsm\u00f6glichkeiten \u2013 nicht nur f\u00fcr Senior- und Junior-Software-Entwickler, Java-Entwickler, sondern auch f\u00fcr Software-Ingenieure, Tester und andere IT-Spezialisten. Bei msg life Slovakia bieten wir nicht nur Vollzeitstellen an, du kannst auch als Teilzeitjob-Entwickler oder als freiberuflicher Entwickler arbeiten.<\/p>\n<p style=\"text-align: left;\">Wenn du an interessanten Projekten arbeiten m\u00f6chtest, folge unseren Entwickler-Jobs und erhalte einen stabilen Arbeitsplatz, der dir interessante Weiterbildungsm\u00f6glichkeiten, Wachstumsperspektiven und einen motivierenden finanziellen Ausgleich bietet. Werde ein Teil unseres gut funktionierenden Entwicklungsteams von Software-Entwicklern und gestalte mit uns die digitale Zukunft.<\/p>\n<h2 id=\"popis-profesie\" style=\"text-align: left;\">Programmierer (Software-Entwickler) &#8211; Stellenbeschreibung<\/h2>\n<p style=\"text-align: left;\"><strong>Der Beruf Programmierer<\/strong> ist nicht nur ein Job \u2013 es ist eine Lebenseinstellung, die dir unendlich viele M\u00f6glichkeiten er\u00f6ffnet. Im heutigen digitalen Zeitalter, in dem die Technologie unsere Welt pr\u00e4gt, wird das Programmieren zu einer der gefragtesten F\u00e4higkeiten. Ein Software-Entwickler hat die M\u00f6glichkeit, Apps zu entwickeln, die das Leben ver\u00e4ndern oder allt\u00e4gliche Aufgaben erleichtern. Als Programmierer oder Programmiererin f\u00fcr msg life Slovakia hast du die M\u00f6glichkeit, Ideen in die Realit\u00e4t umzusetzen und <strong>zur Innovation in der Versicherungsbranche beizutragen<\/strong>.<\/p>\n<p style=\"text-align: left;\">Der Beruf eines Programmierers ist einer der dynamischsten und begehrtesten in der heutigen IT-Welt. Wenn du dich fragst, was ein Programmierer wissen sollte, ist die Antwort einfach: Programmierer m\u00fcssen verschiedene Technologien und Programmiersprachen kennen, wie z. B. <strong>Java, C, C++, PHP, Python<\/strong> und andere. Wenn du motiviert bist und zu dir selbst sagst \u201eIch m\u00f6chte Programmierer werden\u201c, hast du eine spannende Reise voller neuer Kenntnisse und Projekte vor dir.<\/p>\n<p style=\"text-align: left;\">Beim Programmieren geht es nicht nur um das Schreiben von Code &#8211; bei der Arbeit eines Programmierers geht es auch um Probleml\u00f6sung, kreatives Denken und kontinuierliches Lernen. Jede Codezeile ist ein Schritt zu einem besseren Verst\u00e4ndnis der Technologie und ihres Potenzials.<\/p>\n<p style=\"text-align: left;\">Bei msg life Slovakia haben wir mehrere M\u00f6glichkeiten f\u00fcr IT-Entwickler \u2013 ob du nun auf der Suche <strong>nach einem Job als Programmierer in Vollzeit, Teilzeit <\/strong> oder als <strong>Freelance Developer<\/strong> bist. Wir haben drei B\u00fcros in der Slowakei und du kannst w\u00e4hlen, ob du als <strong>Entwickler Bratislava, Programmierer Kosice<\/strong> oder <strong>Entwickler Zilina<\/strong> t\u00e4tig sein willst. Wir bieten dir auch die M\u00f6glichkeit, als <strong>Remote Developer<\/strong> zu arbeiten. Es ist ebenfalls m\u00f6glich, <strong>von zu Hause aus<\/strong> zu arbeiten.<\/p>\n<p style=\"text-align: left;\">Wirf einen Blick auf unsere <a href=\"https:\/\/performance-msg-life-sk.rucolabs.sk\/praca\/\">Stellenangebote <\/a> in der Softwareentwicklung, die attraktive Geh\u00e4lter und die M\u00f6glichkeit bieten, an innovativen Projekten zu arbeiten. Jobs als Entwickler sind eine gro\u00dfartige Gelegenheit, sich einem talentierten Team anzuschlie\u00dfen und sich an der Entwicklung von moderner Software zu beteiligen. Entdecke, was du als Entwickler bei msg life Slovakia erreichen kannst.<\/p>\n<figure id=\"attachment_15365\" aria-describedby=\"caption-attachment-15365\" style=\"width: 1200px\" class=\"wp-caption aligncenter\"><img loading=\"lazy\" decoding=\"async\" class=\"wp-image-4331 size-full\" src=\"https:\/\/performance-msg-life-sk.rucolabs.sk\/wp-content\/uploads\/2020\/10\/praca-integratora-pre-oblast-poistovnictva-msg-webshare.jpg\" alt=\"Programmierer arbeitet hinter einem Computer im msg life B\u00fcro\" width=\"1200\" height=\"630\" srcset=\"https:\/\/performance-msg-life-sk.rucolabs.sk\/wp-content\/uploads\/2020\/10\/praca-integratora-pre-oblast-poistovnictva-msg-webshare.jpg 1200w, https:\/\/performance-msg-life-sk.rucolabs.sk\/wp-content\/uploads\/2020\/10\/praca-integratora-pre-oblast-poistovnictva-msg-webshare-300x158.jpg 300w, https:\/\/performance-msg-life-sk.rucolabs.sk\/wp-content\/uploads\/2020\/10\/praca-integratora-pre-oblast-poistovnictva-msg-webshare-1024x538.jpg 1024w, https:\/\/performance-msg-life-sk.rucolabs.sk\/wp-content\/uploads\/2020\/10\/praca-integratora-pre-oblast-poistovnictva-msg-webshare-768x403.jpg 768w\" sizes=\"auto, (max-width: 1200px) 100vw, 1200px\" \/><figcaption id=\"caption-attachment-15365\" class=\"wp-caption-text\">Werde auch du zum Programmierer<\/figcaption><\/figure>\n<h2 id=\"poziadavky\" style=\"text-align: left;\">Anforderungen an einen Programmierer &#8211; Voraussetzungen und Kenntnisse<\/h2>\n<p style=\"text-align: left;\">F\u00fcr Positionen Programmierer in Bratislava, Programmierer in Ko\u0161ice, Programmierer in \u017dilina oder Fern-Programmierer suchen wir Entwickler, die bestimmte Bedingungen erf\u00fcllen. Was sind die wichtigsten Voraussetzungen f\u00fcr Entwickler?<\/p>\n<p style=\"text-align: left;\">Die Bedingung f\u00fcr die Stelle als Entwickler ist bei msg life Slovakia ein erfolgreicher Abschluss eines Hochschulstudiums in Informatik, Wirtschaftswissenschaften oder einer anderen vergleichbaren Qualifikation oder Berufserfahrung in der Softwareentwicklung.<\/p>\n<p style=\"text-align: left;\">Zu dem <strong>Schl\u00fcsselwissen des Programmierers<\/strong> geh\u00f6ren vor allem die Kenntnis von Programmiersprachen sowie die F\u00e4higkeit, mit modernen Tools und Technologien zu arbeiten, die im Lebenslauf eines Programmierers auf keinen Fall fehlen sollten.<\/p>\n<p style=\"text-align: left;\">Die Bedingungen f\u00fcr dich als Bewerber f\u00fcr die Programmiererstelle bei msg life Slovakia variieren je nach dem spezifischen Entwicklerjob. Unter <strong>die wichtigsten Anforderungen<\/strong> <strong>des IT-Entwicklers<\/strong> geh\u00f6ren in erster Linie:<\/p>\n<ul style=\"text-align: left;\">\n<li>praktische Erfahrung <strong>mit objektorientierter Programmierung<\/strong>, z.B. Java JEE oder C++,<\/li>\n<li>Erfahrung mit <strong>Entwickler- und DevOps-Tools<\/strong> wie z. B. Eclipse, Git, Jenkins, Jira,<\/li>\n<li>gute Kenntnisse der <strong>Softwarearchitektur<\/strong>, Prozess- und Datenmodellierung,<\/li>\n<li><strong>Kenntnisse von Datenbanken<\/strong> SQL, PL\/SQL und Oracle,<\/li>\n<li>Erfahrung <strong>mit Design und Implementierung von Softwareprodukten<\/strong>, Konzeption und Implementierung,<\/li>\n<li>f\u00fcr bestimmte Positionen k\u00f6nnen zus\u00e4tzliche Erfahrungen wie Perl\/Bash und Kenntnisse in der Erstellung von CMD-Skripten, Tomcat\/JBoss\/Websphere Application Server usw. von Vorteil sein.<\/li>\n<\/ul>\n<p style=\"text-align: left;\">Wie ein erfolgreicher IT-Programmierer solltest du auch \u00fcber ausgezeichnetes <strong>konstruktives Denken, analytische F\u00e4higkeiten<\/strong> und Begeisterung f\u00fcr moderne Technologie verf\u00fcgen. Wichtig ist auch, dass deine Arbeit konzeptionell ist und du eine Leidenschaft f\u00fcr die L\u00f6sung komplexer Probleme hast, die du zu einem erfolgreichen Abschluss bringen kannst. Du solltest in der Lage sein, <strong>eine hochwertige Dokumentation<\/strong> vorzubereiten, die die Qualit\u00e4t des Gesamtprodukts widerspiegelt und die Grundlage f\u00fcr die zuk\u00fcnftige Arbeit mit der Software bildet.<\/p>\n<p style=\"text-align: left;\">Von Vorteil ist, wenn du <strong>die innere Motivation hast, Dinge besser zu machen<\/strong> und es dir wichtig ist, dass das Produkt qualitativ hochwertig und zuverl\u00e4ssig ist. Wir sind auf der Suche nach einem Programmierer, der bereit ist, st\u00e4ndig zu lernen und <strong>mit neuen Technologien Schritt zu halten<\/strong>. Programmierer nutzen zum Beispiel zunehmend k\u00fcnstliche Intelligenz (KI), um die Produktivit\u00e4t zu steigern, die Codequalit\u00e4t zu verbessern und ihre Anwendungen um fortschrittliche Funktionen zu erweitern, da sie das Potenzial von KI f\u00fcr Innovation und Effizienz erkennen. Bei msg life Slovakia unterst\u00fctzen wir dich bei deiner Ausbildung, denn <strong>regelm\u00e4\u00dfige Ausbildung und Schulung<\/strong> sind der Schl\u00fcssel zum Erfolg in diesem Bereich.<\/p>\n<p style=\"text-align: left;\">Da wir in einem internationalen Team arbeiten, das von einer in Deutschland ans\u00e4ssigen Muttergesellschaft geleitet wird, ben\u00f6tigen wir von unseren Bewerbern <strong>sehr gute Kenntnisse der deutschen oder englischen Sprache<\/strong> in Wort und Schrift (mindestens auf B2-Niveau). Wenn du deine Sprachkenntnisse verbessern oder auffrischen m\u00f6chtest, unterst\u00fctzen wir dich gerne mit speziellen Kursen.<\/p>\n<p style=\"text-align: left;\">Die Voraussetzungen f\u00fcr dich als erfolgreichen Kandidaten f\u00fcr eine Stelle als Programmierer bei msg life Slovakia k\u00f6nnen je nach Entwicklerposition variieren (z. B. Optimierung und Automatisierung von Prozessen, Interesse an Versicherungsmathematik und Finanzmathematik, Kenntnisse in Migrationswerkzeugen, Methoden und Verfahren). Genaue Anforderungen f\u00fcr spezifische Jobs als Programmierer findest du in der Beschreibung des jeweiligen Stellenangebots.<\/p>\n<h2 id=\"napln-prace\" style=\"text-align: left;\">Arbeitsinhalt des Programmierers<\/h2>\n<p style=\"text-align: left;\">Ein Software-Entwickler spielt bei msg life Slovakia eine Schl\u00fcsselrolle bei der Entwicklung von Softwarel\u00f6sungen. Die Arbeit des Programmierers und deine Aufgaben sind vielf\u00e4ltig und werden an spezifische Projekte und Umgebungen angepasst.<\/p>\n<p style=\"text-align: left;\">Aber was eigentlich wird in der Arbeit eines Entwicklers verlangt? Was macht der Programmierer in msg life Slovakia? Zu den Hauptaufgaben der Programmierer geh\u00f6ren:<\/p>\n<ol style=\"text-align: left;\">\n<li><strong>Anforderungsanalyse:<\/strong> Verstehen der Kunden- und Benutzerbed\u00fcrfnisse und Umwandlung dieser Bed\u00fcrfnisse in eine technische Spezifikation.<\/li>\n<li><strong>Softwaredesign:<\/strong> Erstellung einer Anwendungsarchitektur und eines Designs, das die Funktionalit\u00e4t, Benutzerfreundlichkeit und Leistung der Versicherungssoftware ber\u00fccksichtigt.<\/li>\n<li><strong>Coding:<\/strong> Schreiben, Testen und Optimieren von Code in Programmiersprachen, die f\u00fcr das Projekt geeignet sind. Bei msg life Slovakia geht es um die Entwicklung von Softwarel\u00f6sungen in moderner JEE-Architektur unter Verwendung der neuesten Technologien (Spring, Hibernate, Maven und JBoss).<\/li>\n<li><strong>Testen:<\/strong> Durchf\u00fchrung verschiedener Arten von Tests (Unit-, Integrations-, Systemtests), um die Qualit\u00e4t und Funktionalit\u00e4t der Software sicherzustellen.<\/li>\n<li><strong>Wartung und Updates:<\/strong> Regelm\u00e4\u00dfige Updates und \u00c4nderungen an der Software, um ihre Funktionalit\u00e4t und Sicherheit zu gew\u00e4hrleisten.<\/li>\n<li><strong>Dokumentation:<\/strong> Erstellung und Pflege der Dokumentation, die die Funktionen, das Design und die Verwendung der Software beschreibt.<br \/>\nTeamarbeit: Koordination mit anderen Teammitgliedern (Testern, Analysten, Projektmanagern und anderen), um gemeinsame Ziele zu erreichen.<\/li>\n<li><strong>Fehlerbehebung:<\/strong> Identifizierung und Behebung technischer Probleme, die w\u00e4hrend der Entwicklung oder nach der Bereitstellung der Software auftreten.<\/li>\n<\/ol>\n<p style=\"text-align: left;\">Der Inhalt der Arbeit als Programmierer bei msg life Slovakia kann sehr unterschiedlich ausfallen, je nachdem, ob es sich um eine Senior- oder Junior-Entwicklerstelle handelt. Programmiererjobs in unserem Unternehmen sind sehr vielf\u00e4ltig.<\/p>\n<p style=\"text-align: left;\">Mit uns musst du dir keine Sorgen um sich wiederholende Aufgaben machen, die dich schnell erm\u00fcden werden. In unserem Unternehmen bef\u00e4higen wir unsere Mitarbeiter w\u00e4hrend des gesamten Projektumfangs, von der Datenanalyse \u00fcber die Planung und Optimierung von Migrationsprozessen bis hin zur Ausf\u00fchrung.<\/p>\n<p style=\"text-align: left;\">Mit deiner Arbeit tr\u00e4gst du dazu bei, dass die Dienstleistungen und Anwendungen unserer Kunden ein optimales und nahtloses Benutzererlebnis bieten. Zu deinen Aufgaben geh\u00f6rt auch die digitale Transformation der Gesch\u00e4ftsmodelle von Lebensversicherungen mithilfe von Big Data-Analysen. Du kannst dich auf eine enge Zusammenarbeit mit Kollegen, Testern und Projektmanagern in einem Team von freundlichen Menschen freuen, die sich mit Lebensversicherungsl\u00f6sungen befassen.<\/p>\n<p style=\"text-align: left;\">Du wirst <strong>Teil des gesamten Entwicklungsprozesses<\/strong>, inklusive der \u00dcbergabe der Dokumentation an den Kunden, Tests, aber auch der Durchf\u00fchrung von Workshops und Pr\u00e4sentationen im Zusammenhang mit dem Endprodukt. Bei der Arbeit als Entwickler in unserem Unternehmen wirst du wertvolle Erfahrungen in allen Bereichen der Softwareentwicklung sammeln.<\/p>\n<p style=\"text-align: left;\">Bei der Arbeit des Entwicklers wendest du <strong>agile Software-Management-Methoden<\/strong> an, die Raum f\u00fcr kontinuierliche Softwareanpassungen entsprechend den sich \u00e4ndernden Kundenanforderungen bieten, und gleichzeitig bekommst du die Gelegenheit, deine F\u00e4higkeiten im Umgang mit aktuellen Technologien zu verbessern.<\/p>\n<p style=\"text-align: left;\"><img loading=\"lazy\" decoding=\"async\" class=\"aligncenter wp-image-4328 size-full\" src=\"https:\/\/performance-msg-life-sk.rucolabs.sk\/wp-content\/uploads\/2020\/10\/praca-software-developera-pre-oblast-migracie-msg-webshare.jpg\" alt=\"Programmierer im msg-B\u00fcro arbeiten am Computer\" width=\"1200\" height=\"630\" srcset=\"https:\/\/performance-msg-life-sk.rucolabs.sk\/wp-content\/uploads\/2020\/10\/praca-software-developera-pre-oblast-migracie-msg-webshare.jpg 1200w, https:\/\/performance-msg-life-sk.rucolabs.sk\/wp-content\/uploads\/2020\/10\/praca-software-developera-pre-oblast-migracie-msg-webshare-300x158.jpg 300w, https:\/\/performance-msg-life-sk.rucolabs.sk\/wp-content\/uploads\/2020\/10\/praca-software-developera-pre-oblast-migracie-msg-webshare-1024x538.jpg 1024w, https:\/\/performance-msg-life-sk.rucolabs.sk\/wp-content\/uploads\/2020\/10\/praca-software-developera-pre-oblast-migracie-msg-webshare-768x403.jpg 768w\" sizes=\"auto, (max-width: 1200px) 100vw, 1200px\" \/><\/p>\n<h2 id=\"plat-programatora\" style=\"text-align: left;\">Gehalt eines Programmierers<\/h2>\n<p style=\"text-align: left;\">Als Entwickler kannst du eine wirklich interessante Menge Geld verdienen. Es ist einer der bestbezahlten Berufe. <strong>Das Gehalt eines Entwicklers<\/strong>, also das, was ein Programmierer verdient, variiert jedoch in Abh\u00e4ngigkeit von verschiedenen Faktoren wie <strong>Standort, Grad der Erfahrung, Art der Technologie<\/strong>, mit der du arbeitest, und auch von der Branche, in der du t\u00e4tig bist.<\/p>\n<p style=\"text-align: left;\">Medior- oder Senior-Entwickler mit umfangreicher Erfahrung und Spezialisierung k\u00f6nnen nat\u00fcrlich ein h\u00f6heres Gehalt erwarten als ein anfangender Junior-Programmierer, obwohl in der Regel eine h\u00f6here Verg\u00fctung mit einer gr\u00f6\u00dferen Verantwortung innerhalb eines Projekts oder Teams verbunden ist. Ein wichtiger Faktor ist jedoch nicht nur das Niveau der Kenntnisse \u00fcber moderne Technologien und Programmiersprachen, sondern auch die F\u00e4higkeit, <strong>in einer agilen Umgebung zu arbeiten<\/strong>.<\/p>\n<p style=\"text-align: left;\">Eine wichtige Rolle spielt auch <strong>die Lokalit\u00e4t<\/strong>. In der Regel unterscheiden sich die Lohnbedingungen insbesondere f\u00fcr Programmierer <strong> in Bratislava und anderen St\u00e4dten in der Slowakei<\/strong>. Im Allgemeinen ist die H\u00f6he des Gehalts eines Entwicklers in Bratislava etwa 20 % h\u00f6her als das Durchschnittsgehalt eines Programmierers in der Slowakei. Je nach Erfahrung und Standort variiert auch der Stundenlohn eines Programmierers oder der Tagessatz bei freiberuflichen Softwareentwicklern. Die Verg\u00fctung eines Programmierers h\u00e4ngt also auch davon ab, ob du als Vollzeit- oder Teilzeit-Entwickler, gegebenenfalls als freelance Programmierer \u2013 also freiberuflicher Programmierer, arbeitest.<\/p>\n<p style=\"text-align: left;\">Ein attraktiver Teil der Lohnbedingungen kann auch <strong>eine Eintrittspr\u00e4mie<\/strong> sein, die du normalerweise nach Ablauf der Probezeit erh\u00e4ltst. Ein Startbonus in H\u00f6he eines im Arbeitsvertrag vereinbarten Monatsgrundgehalts wird <strong>bei ausgew\u00e4hlten Stellen bei msg life Slovakia angeboten<\/strong>.<\/p>\n<p style=\"text-align: left;\">Gehalt als Softwareentwickler bei msg life Slovakia f\u00fcr einzelne Entwicklerpositionen beginnt bei (Bruttomonatsgehalt):<br \/>\nProgrammierer Gehalt:<\/p>\n<ul style=\"text-align: left;\">\n<li><a href=\"https:\/\/performance-msg-life-sk.rucolabs.sk\/praca\/\">Java-Programmierer Experte<\/a> &#8211; ab 3.100 \u20ac<\/li>\n<li><a href=\"https:\/\/performance-msg-life-sk.rucolabs.sk\/praca\/\">Java-Programmierer Medior<\/a> &#8211; ab 2.300 \u20ac<\/li>\n<li><a href=\"https:\/\/performance-msg-life-sk.rucolabs.sk\/praca\/\">Java Programmierer Senior<\/a> &#8211; von 2.800 \u20ac<\/li>\n<li><a href=\"https:\/\/performance-msg-life-sk.rucolabs.sk\/praca\/\">Data Scientist<\/a> &#8211; ab 2.600 \u20ac<\/li>\n<li><a href=\"https:\/\/performance-msg-life-sk.rucolabs.sk\/praca\/\">AWS Data Scientist<\/a> &#8211; ab 2.600 \u20ac<\/li>\n<\/ul>\n<p style=\"text-align: left;\">Die spezifische H\u00f6he des Gehalts h\u00e4ngt von deinen Kenntnissen und deiner Erfahrung ab und ist das Ergebnis einer gegenseitigen Vereinbarung.<\/p>\n<p style=\"text-align: left;\">Neben einem attraktiven Gehalt und einem Startbonus bieten wir auch <strong>andere finanzielle Vorteile<\/strong> an, die den Gesamtwert der Verg\u00fctung erh\u00f6hen. Dies sind insbesondere:<\/p>\n<ul style=\"text-align: left;\">\n<li>motivierende Belohnungen und Boni,<\/li>\n<li>Weihnachtspr\u00e4mie bis zur H\u00f6he des monatlichen Grundgehalts,<\/li>\n<li>ein gro\u00dfz\u00fcgiges Essensgeld,<\/li>\n<li>Hobbyzulage von 200 \u20ac pro Jahr,<\/li>\n<li>finanzielle Unterst\u00fctzung bei langfristiger krankheitsbedingter Abwesenheit und andere.<\/li>\n<\/ul>\n<p style=\"text-align: left;\">Sende uns deinen Lebenslauf, bekomme einen Job als Programmierer bei msg life Slovakia und genie\u00dfe auch du diese Vorteile.<\/p>\n<h2 id=\"vyberovy-proces\" style=\"text-align: left;\">Auswahlverfahren f\u00fcr einen Programmierer bei msg life Slovakia<\/h2>\n<p style=\"text-align: left;\">Das Auswahlverfahren f\u00fcr Programmierer bei msg life Slovakia ist detailliert ausgearbeitet, um sicherzustellen, dass die talentiertesten und motiviertesten Kandidaten ausgew\u00e4hlt werden.<\/p>\n<p style=\"text-align: left;\">Der erste Schritt ist <strong>die Definition der Anforderungen f\u00fcr die Stelle<\/strong>. Dazu geh\u00f6ren nicht nur technische F\u00e4higkeiten (Kenntnisse von Sprachen wie Python, Java, C++), sondern auch pers\u00f6nliche Eigenschaften wie Teamarbeit und Probleml\u00f6sungskompetenz.<\/p>\n<p style=\"text-align: left;\">Nach <strong>der Ver\u00f6ffentlichung der Stelle<\/strong> auf unserer Website, Jobportalen und sozialen Netzwerken folgt <strong>die Annahme von Bewerbungen<\/strong>, aus denen die Personalabteilung die am besten geeigneten Kandidaten f\u00fcr die n\u00e4chste Runde ausw\u00e4hlt. Dies sind die sogenannten <strong>Vorgespr\u00e4che<\/strong>, die aus Telefon- oder Online-Interviews mit einem HR-Spezialisten bestehen.<\/p>\n<p style=\"text-align: left;\">Die ausgew\u00e4hlten Kandidaten nehmen dann <strong>an pers\u00f6nlichen oder Online-Interviews<\/strong> mit dem Inhaber der Stelle teil, um \u00fcber ihre bisherigen Erfahrungen, ihre Teamf\u00e4higkeit und ihren kreativen Ansatz bei der Probleml\u00f6sung zu sprechen. Nach diesen Gespr\u00e4chen k\u00f6nnen <strong>technische Runden<\/strong> folgen, bei denen du reale Aufgaben l\u00f6st und auf deine praktischen F\u00e4higkeiten hin beurteilt wirst.<\/p>\n<p style=\"text-align: left;\">Unser gesamtes Auswahlverfahren ist darauf ausgerichtet, nicht nur deine fachliche Kompetenz zu pr\u00fcfen, sondern auch, ob du in die Teamkultur von msg life Slovakia passt. Wenn du alle Phasen des Auswahlverfahrens erfolgreich durchl\u00e4ufst, <strong>werden wir dir einen Platz im Team bei msg life Slovakia anbieten<\/strong>. Als SW-Entwickler kannst du in Bratislava, Ko\u0161ice oder \u017dilina arbeiten \u2013 auch mit der M\u00f6glichkeit des Home Office.<\/p>\n<ul>\n<li style=\"text-align: left;\"><strong>Definition der Anforderungen:<\/strong> Bestimmung der fachlichen F\u00e4higkeiten und pers\u00f6nlichen Qualit\u00e4ten.<\/li>\n<li style=\"text-align: left;\"><strong>Ausschreibung der Stelle:<\/strong> Ver\u00f6ffentlichung der Stelle auf Jobportalen und sozialen Netzwerken.<\/li>\n<li style=\"text-align: left;\"><strong>Annahme der Bewerbungen:<\/strong> Auswahl der am besten geeigneten Kandidaten f\u00fcr die n\u00e4chste Runde.<\/li>\n<li style=\"text-align: left;\"><strong>Vorgespr\u00e4che:<\/strong> Telefonische oder Online-Interviews.<\/li>\n<li style=\"text-align: left;\"><strong>Technische Bewertung:<\/strong> \u00dcberpr\u00fcfung der praktischen F\u00e4higkeiten.<\/li>\n<li style=\"text-align: left;\"><strong>Pers\u00f6nliche Interviews:<\/strong> Bewertung der kulturellen Eignung.<\/li>\n<li style=\"text-align: left;\"><strong>Endg\u00fcltige Entscheidung:<\/strong> Auswahl des besten Kandidaten.<\/li>\n<li style=\"text-align: left;\"><strong>Stellenangebot:<\/strong> Anbieten der freien Arbeitsstelle.<\/li>\n<\/ul>\n","protected":false},"excerpt":{"rendered":"<p>Programmierer Job (2 aktuelle Angebote) &#8211; Bist du ein Programmierer oder eine Programmiererin auf der Suche nach neuen Herausforderungen und Jobangeboten f\u00fcr Entwickler? W\u00e4hle aus den aktuellen Stellenangeboten f\u00fcr Programmierer, [&hellip;]<\/p>\n","protected":false},"author":1,"featured_media":0,"parent":13689,"menu_order":0,"comment_status":"closed","ping_status":"closed","template":"templates\/page-povolanie.php","meta":{"_acf_changed":false,"footnotes":""},"class_list":["post-22908","page","type-page","status-publish","hentry"],"acf":[],"aioseo_notices":[],"_links":{"self":[{"href":"https:\/\/performance-msg-life-sk.rucolabs.sk\/de\/wp-json\/wp\/v2\/pages\/22908","targetHints":{"allow":["GET"]}}],"collection":[{"href":"https:\/\/performance-msg-life-sk.rucolabs.sk\/de\/wp-json\/wp\/v2\/pages"}],"about":[{"href":"https:\/\/performance-msg-life-sk.rucolabs.sk\/de\/wp-json\/wp\/v2\/types\/page"}],"author":[{"embeddable":true,"href":"https:\/\/performance-msg-life-sk.rucolabs.sk\/de\/wp-json\/wp\/v2\/users\/1"}],"replies":[{"embeddable":true,"href":"https:\/\/performance-msg-life-sk.rucolabs.sk\/de\/wp-json\/wp\/v2\/comments?post=22908"}],"version-history":[{"count":3,"href":"https:\/\/performance-msg-life-sk.rucolabs.sk\/de\/wp-json\/wp\/v2\/pages\/22908\/revisions"}],"predecessor-version":[{"id":25567,"href":"https:\/\/performance-msg-life-sk.rucolabs.sk\/de\/wp-json\/wp\/v2\/pages\/22908\/revisions\/25567"}],"up":[{"embeddable":true,"href":"https:\/\/performance-msg-life-sk.rucolabs.sk\/de\/wp-json\/wp\/v2\/pages\/13689"}],"wp:attachment":[{"href":"https:\/\/performance-msg-life-sk.rucolabs.sk\/de\/wp-json\/wp\/v2\/media?parent=22908"}],"curies":[{"name":"wp","href":"https:\/\/api.w.org\/{rel}","templated":true}]}}