{"id":22906,"date":"2025-03-14T08:21:47","date_gmt":"2025-03-14T07:21:47","guid":{"rendered":"https:\/\/performance-msg-life-sk.rucolabs.sk\/?page_id=22906"},"modified":"2025-11-14T11:20:31","modified_gmt":"2025-11-14T10:20:31","slug":"projektmanager","status":"publish","type":"page","link":"https:\/\/performance-msg-life-sk.rucolabs.sk\/de\/stellenangebote\/projektmanager\/","title":{"rendered":"Projektmanager"},"content":{"rendered":"<h2 id=\"ponuky-prace\">Die Arbeit eines Projektmanagers<\/h2>\n<p style=\"text-align: left;\">H\u00e4ltst du dich f\u00fcr einen Menschen, der gerne organisiert, Probleme l\u00f6st und ein Team zum Erfolg f\u00fchrt? Dann bist du bei uns genau richtig. Bei msg life Slovakia suchen wir nach talentierten <strong>Projektmanagern<\/strong>, die bereit sind, sich den Herausforderungen in einer sich st\u00e4ndig ver\u00e4ndernden Branche zu stellen. Egal, ob du ein erfahrener Projektmanager in Bratislava oder ein anf\u00e4ngender Junior-Projektmanager in Ko\u0161ice bist, wir haben eine freie Stelle f\u00fcr dich.<\/p>\n<p style=\"text-align: left;\">Die Rolle des Projektmanagers bei msg life ist dynamisch, lohnend und sehr interessant. Du wirst f\u00fcr eine Vielzahl von Aufgaben verantwortlich sein &#8211; vom Management komplexer Softwareprojekte f\u00fcr Versicherungsunternehmen bis hin zum Kundenbeziehungsmanagement. Du musst dir keine Sorgen machen, wenn du etwas nicht wei\u00dft &#8211; bei msg life Slovakia bieten wir dir Vorteile in Form von umfassenden Schulungen und beruflichen Entwicklungsm\u00f6glichkeiten. Alles, was du brauchst, ist Leidenschaft und Bereitschaft, etwas Neues zu lernen.<\/p>\n<p style=\"text-align: left;\">Bei msg life Slovakia entwickeln wir nicht nur Software. <strong>Wir arbeiten an L\u00f6sungen, die das reale Leben beeinflussen.<\/strong> Mit \u00fcber 25 Jahren Erfahrung in der IT-Branche sind wir ein zuverl\u00e4ssiger Anbieter von Softwarel\u00f6sungen f\u00fcr Versicherungsunternehmen. Wir glauben an die Kraft innovativer Technologie und bieten unseren Kunden moderne Softwarel\u00f6sungen, um die Herausforderungen der Digitalisierung erfolgreich zu meistern. Deshalb suchen wir nicht nach Mitarbeitern, sondern nach Partnern, die bereit sind, die digitale Zukunft zu gestalten.<\/p>\n<p style=\"text-align: left;\">Wenn du dich f\u00fcr eine Zusammenarbeit mit uns als Projektmanager entscheidest, kannst du dich auf ein <strong>erstklassiges Team, modernste Technologie und Projekte<\/strong> freuen, die die Welt wirklich ver\u00e4ndern.<\/p>\n<h2 id=\"popis-profesie\" class=\"font-600 text-xl font-bold\" style=\"text-align: left;\">Stellenbeschreibung von Projektleiter<\/h2>\n<p style=\"text-align: left;\"><strong>IT-Projektmanagement<\/strong> ist ein Schl\u00fcsselelement f\u00fcr die erfolgreiche Bereitstellung von innovativen L\u00f6sungen. Bei msg life Slovakia sind wir st\u00e4ndig auf der Suche nach Menschen, die die F\u00e4higkeit haben, <strong>komplexe Projekte zu leiten<\/strong> und unseren Versicherungskunden einen Mehrwert zu bieten. Wir sind \u00fcberzeugt, dass ein IT-Projektmanager mit klaren Zielen, Wissen und Erfahrung die Herausforderungen der digitalen Welt in Chancen verwandeln kann.<\/p>\n<p style=\"text-align: left;\">Der IT-Manager ist ein integraler Bestandteil des Teams. Seine Aufgabe ist es, <strong>die Entwicklung und Implementierung von Softwarel\u00f6sungen zu leiten<\/strong>. Au\u00dferdem koordiniert er andere Kollegen und arbeitet mit Spezialisten aus verschiedenen Bereichen zusammen, z.B. mit <a href=\"https:\/\/performance-msg-life-sk.rucolabs.sk\/de\/stellenangebote\/\">Programmierern<\/a> oder <a href=\"https:\/\/performance-msg-life-sk.rucolabs.sk\/de\/stellenangebote\/\">Testern<\/a>. Deshalb muss er \u00fcber Grundkenntnisse in der Programmierung verf\u00fcgen und es darf ihm nicht an Einf\u00fchlungsverm\u00f6gen und der F\u00e4higkeit, mit anderen zu kommunizieren, fehlen.<\/p>\n<p style=\"text-align: left;\">Bei msg life Slovakia bieten wir eine Reihe von <strong>Karrierem\u00f6glichkeiten f\u00fcr Projektmanager<\/strong>. Es spielt keine Rolle, ob du ein erfahrener Senior-Projektmanager bist oder du gerade erst in diesem Bereich anf\u00e4ngst. Wir geben dir Raum f\u00fcr Wachstum und kontinuierliche Weiterentwicklung. Du kannst in einem unserer drei B\u00fcros arbeiten. Es ist an dir, ob du als Projektmanager in Bratislava, Projektmanager in \u017dilina oder Projektmanager in Ko\u0161ice arbeiten m\u00f6chtest.<\/p>\n<p style=\"text-align: left;\">Eine weitere Alternative ist die Position eines <strong>Fern-Projektmanagers<\/strong>, die du bequem von zu Hause aus aus\u00fcben kannst. Du brauchst nicht zu pendeln, was eine Menge Zeit und Energie spart.<\/p>\n<p style=\"text-align: left;\">Wenn du auf der Suche nach einem goldenen Mittelweg bist, wird dich der <strong>hybride Projektmanager<\/strong> ansprechen, der ein Team nicht nur vor Ort, sondern auch aus der Ferne effektiv managen kann und der in der modernen Arbeitswelt immer h\u00e4ufiger eingesetzt wird. So erh\u00e4ltst du die Flexibilit\u00e4t, die f\u00fcr eine ausgewogene Work-Life-Balance wichtig ist, was sowohl deine Produktivit\u00e4t als auch deine Zufriedenheit verbessert.<\/p>\n<p style=\"text-align: left;\">Sieh dich in unseren offenen <a href=\"https:\/\/performance-msg-life-sk.rucolabs.sk\/de\/stellenangebote\/\">Stellenangeboten<\/a> f\u00fcr Projektmanager um und schicke uns deinen Lebenslauf. Wenn du zu uns passt, kannst du dich auf interessante Projekte, tolle Kollegen, lukrative Boni und modernste Technologie freuen.<\/p>\n<p><img loading=\"lazy\" decoding=\"async\" class=\"wp-image-21157 size-full\" src=\"https:\/\/performance-msg-life-sk.rucolabs.sk\/wp-content\/uploads\/2025\/03\/projektovy-manager.jpg\" alt=\"Projektmanager bei der Arbeit hinter einem Computer im msg life B\u00fcro\" width=\"1200\" height=\"630\" srcset=\"https:\/\/performance-msg-life-sk.rucolabs.sk\/wp-content\/uploads\/2025\/03\/projektovy-manager.jpg 1200w, https:\/\/performance-msg-life-sk.rucolabs.sk\/wp-content\/uploads\/2025\/03\/projektovy-manager-300x158.jpg 300w, https:\/\/performance-msg-life-sk.rucolabs.sk\/wp-content\/uploads\/2025\/03\/projektovy-manager-1024x538.jpg 1024w, https:\/\/performance-msg-life-sk.rucolabs.sk\/wp-content\/uploads\/2025\/03\/projektovy-manager-768x403.jpg 768w\" sizes=\"auto, (max-width: 1200px) 100vw, 1200px\" \/><\/p>\n<h2 id=\"poziadavky\" style=\"text-align: left;\">Anforderungen f\u00fcr IT-Projektmanager &#8211; Voraussetzungen und Kenntnisse<\/h2>\n<p style=\"text-align: left;\">Die Erwartungen an einen Projektmanager variieren je nach der Stelle, f\u00fcr die du dich bewirbst. Zu den Grundvoraussetzungen geh\u00f6ren Kenntnisse im Projektmanagement, Kommunikation mit Kunden und die F\u00e4higkeit, ein Team zu leiten. Der Beruf des Projektmanagers erfordert au\u00dferdem ein gr\u00fcndliches Verst\u00e4ndnis des Projektzyklus und Kenntnisse der IT-Umgebung.<\/p>\n<p style=\"text-align: left;\">Als Projektmanager solltest du vor allem eines haben:<\/p>\n<ul>\n<li><strong>Au\u00dfergew\u00f6hnliche organisatorische Qualit\u00e4ten:<\/strong> Sie helfen dir, einzelne Aufgaben zu planen, Fristen einzuhalten und gesetzte Ziele zu erreichen.<\/li>\n<li><strong>Einf\u00fchlungsverm\u00f6gen:<\/strong> Bei der Arbeit wirst du mit Kollegen, Kunden und Fachleuten aus verschiedenen Bereichen zu tun haben. Um diese zu verstehen und effektiv mit ihnen zu arbeiten, muss du die F\u00e4higkeit besitzen, sich in ihre Bed\u00fcrfnisse einzuf\u00fchlen und r\u00fccksichtsvoll zu sein.<\/li>\n<li><strong>Probleml\u00f6sungsf\u00e4higkeit:<\/strong> Als Projektmanager \u00fcbernimmst du die Verantwortung f\u00fcr das gesamte Projekt. Wenn ein Problem auftaucht, musst du es schnell und effizient l\u00f6sen.<\/li>\n<li><strong>Kollaborativit\u00e4t:<\/strong> IT-Projektmanager leiten ein Team von mehreren Personen, mit denen sie an einzelnen Projekten arbeiten. Um die besten Ergebnisse zu erzielen, muss du ein Teamplayer sein.<\/li>\n<li><strong>Kommunikationsf\u00e4higkeit:<\/strong> Dieser Punkt ist eng mit der Zusammenarbeit verbunden. Um effektiv mit anderen zusammenzuarbeiten und gro\u00dfartige Ergebnisse zu erzielen, muss du in der Lage sein, deine Ideen und Visionen klar zu vermitteln.<\/li>\n<li><strong>Die Motivation, st\u00e4ndig zu lernen und sich weiterzuentwickeln: eine<\/strong> sehr wichtige Voraussetzung, die dir nicht fehlen darf. Die IT-Branche ver\u00e4ndert sich st\u00e4ndig und entwickelt sich weiter, so dass du st\u00e4ndig lernen und neue Trends verfolgen musst.<\/li>\n<li style=\"list-style-type: none;\"><\/li>\n<\/ul>\n<p style=\"text-align: left;\">Projektmanager bei msg life Slovakia m\u00fcssen flexibel sein, kritisch und analytisch denken k\u00f6nnen und sollten <strong>mindestens eine Fremdsprache auf B2-Niveau<\/strong> beherrschen &#8211; idealerweise Deutsch oder Englisch. Wenn du dieses Niveau noch nicht hast, bieten wir dir gerne einen Sprachkurs an, um es zu verbessern.<\/p>\n<p style=\"text-align: left;\">Ein erfolgreicher IT-Projektmanager braucht eine Kombination aus Ausbildung, Erfahrung und Soft Skills, um Projekte und Teams effektiv zu managen. F\u00fcr diese Position ist ein <strong>Universit\u00e4tsabschluss in Management, IT oder Wirtschaft<\/strong> von Vorteil, aber das h\u00e4ngt von der jeweiligen Stelle ab.<br \/>\nWir bei msg life Slovakia glauben, dass Wachstum nie aufh\u00f6rt. Wir bieten unseren Mitarbeitern zahlreiche M\u00f6glichkeiten, sich weiterzubilden und zu entwickeln &#8211; von zertifizierten Schulungen bis hin zur Teilnahme an renommierten Konferenzen. Du hast immer Zugang zu Ressourcen, die dir helfen, deine F\u00e4higkeiten zu verbessern und deine Karriere voranzutreiben.<\/p>\n<h2 id=\"napln-prace\" style=\"text-align: left;\">Arbeitsinhalt eines Projektmanagers<\/h2>\n<p style=\"text-align: left;\">Der Job eines Projektmanagers ist vielf\u00e4ltig. Meistens umfasst er die folgenden Aufgaben:<\/p>\n<ul>\n<li style=\"text-align: left;\"><strong>Projektplanung:<\/strong> Festlegung der Ziele, des Umfangs, des Zeitplans und der Ressourcen, die f\u00fcr die erfolgreiche Durchf\u00fchrung des Projekts erforderlich sind.<\/li>\n<li style=\"text-align: left;\"><strong>Teammanagement:<\/strong> die Arbeit der Teammitglieder koordinieren, Aufgaben delegieren und sie motivieren, ihre Ziele zu erreichen.<\/li>\n<li style=\"text-align: left;\"><strong>Kommunikation:<\/strong> Sicherstellung einer effektiven Kommunikation zwischen Kunden, Management und Teammitgliedern.<\/li>\n<li style=\"text-align: left;\"><strong>Risikomanagement:<\/strong> Identifizierung potenzieller Risiken, deren Analyse und Vorschlag von Ma\u00dfnahmen zu deren Minimierung.<\/li>\n<li style=\"text-align: left;\"><strong>Budgetkontrolle:<\/strong> \u00dcberwachung der Kosten und Gew\u00e4hrleistung eines effizienten Einsatzes der finanziellen Ressourcen.<\/li>\n<li style=\"text-align: left;\"><strong>Fortschrittskontrolle:<\/strong> \u00dcberpr\u00fcfung, ob die Aufgaben erledigt, die Fristen eingehalten und die Qualit\u00e4t der Ergebnisse gewahrt wird.<\/li>\n<li style=\"text-align: left;\"><strong>Berichterstattung und Dokumentation:<\/strong> Erstellung von Projektstatusberichten, Analyse der Ergebnisse und Dokumentation der relevanten Informationen.<\/li>\n<li style=\"text-align: left;\"><strong>Fehlerbehebung:<\/strong> Erkennen und schnelles Beheben von Probleme, die den Erfolg des Projekts gef\u00e4hrden k\u00f6nnten.<\/li>\n<li style=\"text-align: left;\"><strong>Qualit\u00e4tssicherung:<\/strong> \u00dcberpr\u00fcfung der Einhaltung von Standards und Anforderungen f\u00fcr Projektergebnisse.<\/li>\n<li style=\"text-align: left;\"><strong>Abschluss des Projekts:<\/strong> Bewertung des Projekts und Erstellung der Abschlussdokumentation.<\/li>\n<\/ul>\n<p style=\"text-align: left;\">Die genaue Stellenbeschreibung h\u00e4ngt von der jeweiligen Stelle ab, f\u00fcr die du dich interessierst. Weitere Informationen findest du direkt in der Stellenausschreibung oder frage w\u00e4hrend des Vorstellungsgespr\u00e4chs.<\/p>\n<p><img loading=\"lazy\" decoding=\"async\" class=\"wp-image-21160 size-full\" src=\"https:\/\/performance-msg-life-sk.rucolabs.sk\/wp-content\/uploads\/2025\/03\/Projekt-manager-senior.jpg\" alt=\"Senior-Projektmanager bei msg life Slovakia\" width=\"1200\" height=\"630\" srcset=\"https:\/\/performance-msg-life-sk.rucolabs.sk\/wp-content\/uploads\/2025\/03\/Projekt-manager-senior.jpg 1200w, https:\/\/performance-msg-life-sk.rucolabs.sk\/wp-content\/uploads\/2025\/03\/Projekt-manager-senior-300x158.jpg 300w, https:\/\/performance-msg-life-sk.rucolabs.sk\/wp-content\/uploads\/2025\/03\/Projekt-manager-senior-1024x538.jpg 1024w, https:\/\/performance-msg-life-sk.rucolabs.sk\/wp-content\/uploads\/2025\/03\/Projekt-manager-senior-768x403.jpg 768w\" sizes=\"auto, (max-width: 1200px) 100vw, 1200px\" \/><\/p>\n<h2 id=\"plat-projektoveho-managera\" style=\"text-align: left;\">Gehalt eines Projektleitmanagers<\/h2>\n<p style=\"text-align: left;\">Das Gehalt eines IT-Managers variiert haupts\u00e4chlich je nach <strong>Standort und Art des Projekts<\/strong>. So verdient ein Projektmanager in Bratislava in der Regel mehr als ein Projektmanager in Ko\u0161ice, was vor allem an den h\u00f6heren Lebenshaltungskosten in der Hauptstadt liegt.<\/p>\n<p style=\"text-align: left;\">Aber es geht nicht nur um den Standort. <strong>Erfahrung und berufliche Zertifizierungen<\/strong> sind ebenfalls wichtige Faktoren, die dein monatliches Gehalt deutlich erh\u00f6hen k\u00f6nnen. W\u00e4hrend die Junior-Manager im Allgemeinen mit niedrigeren Geh\u00e4ltern beginnen, werden Senior Manager mit langj\u00e4hriger Erfahrung \u00fcberdurchschnittlich bezahlt.<\/p>\n<p style=\"text-align: left;\">Es ist auch wichtig zu wissen, dass ein Projektmanager sp\u00e4ter in eine h\u00f6here Position aufsteigen oder sich auf bestimmte Projektarten spezialisieren kann, wie z.B. IT oder Marketing. Eine weitere M\u00f6glichkeit ist der Aufstieg in h\u00f6here Managementpositionen.<\/p>\n<p style=\"text-align: left;\">Das Gehalt eines Projektmanagers bei msg life Slovakia f\u00fcr einzelne F\u00fchrungspositionen beginnt bei (Bruttomonatsgehalt):<\/p>\n<p style=\"text-align: left;\"><strong>Projektmanager- Gehalt: <\/strong><\/p>\n<ul>\n<li style=\"text-align: left;\"><a href=\"https:\/\/performance-msg-life-sk.rucolabs.sk\/de\/stellenangebote\/\">IT-Issue Manager<\/a> &#8211; ab 2.000 \u20ac<\/li>\n<\/ul>\n<p style=\"text-align: left;\">Das konkrete Gehalt des Projektmanagers h\u00e4ngt von den Kenntnissen und der Erfahrung des Kandidaten ab und ist das Ergebnis einer gegenseitigen Vereinbarung. Zus\u00e4tzlich zum Grundgehalt bietet dir msg life Slovakia einen Startbonus in H\u00f6he eines Monatsgehalts und weitere motivierende finanzielle Vorteile.<\/p>\n<p style=\"text-align: left;\">Weitere Vorteile, die du bei uns erhalten kannst, sind:<\/p>\n<ul>\n<li style=\"text-align: left;\"><strong>Flexibilit\u00e4t und freie Zeit:<\/strong> Genie\u00dfe die Flexibilit\u00e4t eines Home Office oder arbeite direkt im B\u00fcro. Dar\u00fcber hinaus erh\u00e4ltst du 5 Tage Urlaub \u00fcber das gesetzliche Ma\u00df hinaus und hast die M\u00f6glichkeit, in Teilzeit oder w\u00e4hrend der Elternzeit zu arbeiten.<\/li>\n<li style=\"text-align: left;\"><strong>Gesundheit und Wohlbefinden:<\/strong> Wir bieten gesunde Snacks, Fitness vor Ort, Massagen und sogar psychologische Beratung. Au\u00dferdem steht dir eine Multisportkarte zur Verf\u00fcgung.<\/li>\n<li style=\"text-align: left;\"><strong>Unterst\u00fctzung f\u00fcr berufliches Wachstum:<\/strong> Bei msg life Slovakia unterst\u00fctzen wir die individuelle Entwicklung jedes Teammitglieds. Deshalb bieten wir unseren Mitarbeitern Englisch- und Deutschkurse, interne und externe Schulungen, Vortr\u00e4ge und Konferenzen an, um dich weiterzubringen.<\/li>\n<\/ul>\n<h2 id=\"vyberovy-proces\" style=\"text-align: left;\">Auswahlverfahren f\u00fcr Projektmanager bei msg life Slovakia<\/h2>\n<p>Wenn du ein IT-Enthusiast bist, f\u00fcr Innovationen lebst, \u00fcber gute organisatorische F\u00e4higkeiten verf\u00fcgst und an interessanten Projekten arbeiten m\u00f6chtest, <strong>nutze die Jobm\u00f6glichkeiten<\/strong>, die wir dir bei msg life Slovakia bieten.<\/p>\n<p>Unser Auswahlverfahren l\u00e4uft in mehreren Schritten ab. Zun\u00e4chst definieren wir immer die <strong>Anforderungen<\/strong>, die unser neuer Mitarbeiter erf\u00fcllen sollte. Im Falle eines IT-Projektmanagers sind dies Kommunikations- und Organisationstalent, Einf\u00fchlungsverm\u00f6gen, Probleml\u00f6sungskompetenz und die Motivation, sich st\u00e4ndig weiterzuentwickeln.<\/p>\n<p>Dann folgt die <strong>Ausschreibung der Stelle<\/strong> und der Eingang der Bewerbungen von Bewerbern. Unsere Personalabteilung wird alle eingegangenen Lebensl\u00e4ufe pr\u00fcfen und die besten Kandidaten ausw\u00e4hlen. Sie erhalten eine Einladung zu einem pers\u00f6nlichen oder Online-Interview.<\/p>\n<p>Der n\u00e4chste Schritt h\u00e4ngt von der Position ab. Manchmal musst du eine weitere Runde absolvieren, in der du eine Aufgabe ausarbeitest. In anderen F\u00e4llen endet das Ganze mit einem Vorstellungsgespr\u00e4ch, nach dem wir dir mitteilen, wie wir uns entschieden haben.<\/p>\n<p>Der gesamte Auswahlprozess l\u00e4uft in etwa so ab:<\/p>\n<ul>\n<li>Definition der F\u00e4higkeiten, die wir von einem Projektmanager verlangen.<\/li>\n<li>Ver\u00f6ffentlichung der Anzeige auf unserer Website und auf Jobportalen.<\/li>\n<li>Sammeln von Bewerbungen der Bewerbern.<\/li>\n<li>Auswahl der relevanten Kandidaten.<\/li>\n<li>Pers\u00f6nliche oder Online-Interviews.<\/li>\n<li>Eine weitere Runde, in der der Kandidat eine k\u00fcrzere Aufgabe ausarbeitet.<\/li>\n<li>Auswahl eines Kandidaten, den wir kontaktieren und dem wir die Stelle anbieten.<\/li>\n<\/ul>\n","protected":false},"excerpt":{"rendered":"<p>Die Arbeit eines Projektmanagers H\u00e4ltst du dich f\u00fcr einen Menschen, der gerne organisiert, Probleme l\u00f6st und ein Team zum Erfolg f\u00fchrt? Dann bist du bei uns genau richtig. Bei msg [&hellip;]<\/p>\n","protected":false},"author":32,"featured_media":0,"parent":13689,"menu_order":0,"comment_status":"closed","ping_status":"closed","template":"templates\/page-povolanie.php","meta":{"_acf_changed":false,"footnotes":""},"class_list":["post-22906","page","type-page","status-publish","hentry"],"acf":[],"aioseo_notices":[],"_links":{"self":[{"href":"https:\/\/performance-msg-life-sk.rucolabs.sk\/de\/wp-json\/wp\/v2\/pages\/22906","targetHints":{"allow":["GET"]}}],"collection":[{"href":"https:\/\/performance-msg-life-sk.rucolabs.sk\/de\/wp-json\/wp\/v2\/pages"}],"about":[{"href":"https:\/\/performance-msg-life-sk.rucolabs.sk\/de\/wp-json\/wp\/v2\/types\/page"}],"author":[{"embeddable":true,"href":"https:\/\/performance-msg-life-sk.rucolabs.sk\/de\/wp-json\/wp\/v2\/users\/32"}],"replies":[{"embeddable":true,"href":"https:\/\/performance-msg-life-sk.rucolabs.sk\/de\/wp-json\/wp\/v2\/comments?post=22906"}],"version-history":[{"count":4,"href":"https:\/\/performance-msg-life-sk.rucolabs.sk\/de\/wp-json\/wp\/v2\/pages\/22906\/revisions"}],"predecessor-version":[{"id":25574,"href":"https:\/\/performance-msg-life-sk.rucolabs.sk\/de\/wp-json\/wp\/v2\/pages\/22906\/revisions\/25574"}],"up":[{"embeddable":true,"href":"https:\/\/performance-msg-life-sk.rucolabs.sk\/de\/wp-json\/wp\/v2\/pages\/13689"}],"wp:attachment":[{"href":"https:\/\/performance-msg-life-sk.rucolabs.sk\/de\/wp-json\/wp\/v2\/media?parent=22906"}],"curies":[{"name":"wp","href":"https:\/\/api.w.org\/{rel}","templated":true}]}}