{"id":22905,"date":"2025-03-19T15:01:36","date_gmt":"2025-03-19T14:01:36","guid":{"rendered":"https:\/\/performance-msg-life-sk.rucolabs.sk\/?page_id=22905"},"modified":"2025-11-14T11:24:05","modified_gmt":"2025-11-14T10:24:05","slug":"berater","status":"publish","type":"page","link":"https:\/\/performance-msg-life-sk.rucolabs.sk\/de\/stellenangebote\/berater\/","title":{"rendered":"Berater"},"content":{"rendered":"<h2 id=\"ponuky-prace\">Berater &#8211; aktuelle Stellenangebote (2) | April 2026<\/h2>\n<p><b>Unter der Position des Beraters<\/b> wird Technologie und Kreativit\u00e4t kombiniert. Wenn du auf der Suche nach einer Gelegenheit bist, die dir die T\u00fcren zu unz\u00e4hligen M\u00f6glichkeiten \u00f6ffnet, k\u00f6nnte der Beruf des IT-Beraters oder Unternehmensberater die richtige Wahl f\u00fcr dich sein. Da der digitale Sektor weiter w\u00e4chst, steigt auch die Nachfrage nach Fachleuten, die Probleme effektiv l\u00f6sen und innovative L\u00f6sungen f\u00fcr Unternehmen entwerfen k\u00f6nnen.<\/p>\n<p>Wir haben derzeit die folgenden spannenden <strong>Stellenangebote<\/strong>, die auf dein Talent und beruflichen F\u00e4higkeiten warten:<\/p>\n<ul>\n<li><a href=\"https:\/\/performance-msg-life-sk.rucolabs.sk\/de\/stellenangebote\/\">Business &amp; Integration IT Consultant<\/a><\/li>\n<li><a href=\"https:\/\/performance-msg-life-sk.rucolabs.sk\/de\/stellenangebote\/\">IT-Berater f\u00fcr Unternehmen &#8211; Prozessspezialist (m\/w\/d)<\/a><\/li>\n<\/ul>\n<p>Mit mehr als 25 Jahren Erfahrung ist msg life Slovakia ein f\u00fchrendes Unternehmen in der Versicherungsbranche. Wir bieten unseren Kunden eine Software an, die modern, sicher und vor allem qualitativ hochwertig ist. Deshalb suchen wir leidenschaftliche und engagierte Mitarbeiter f\u00fcr unser Team, die keine Angst vor Herausforderungen haben und sich gerne weiterentwickeln.<\/p>\n<p>Neben au\u00dfergew\u00f6hnlichen beruflichen Entwicklungsm\u00f6glichkeiten erwarten dich bei msg life Slovakia ein attraktives Gehalt und eine Reihe interessanter Zusatzleistungen. Mache dich bereit f\u00fcr eine aufregende Reise, auf der du ein wichtiger Akteur bei der Umgestaltung von Technologie und Unternehmen werden kannst.<\/p>\n<h2 id=\"popis-profesie\" class=\"font-600 text-xl font-bold\" style=\"text-align: left;\">Berater &#8211; Stellenbeschreibung<\/h2>\n<p style=\"text-align: left;\">Um als IT-Berater in Bratislava und anderen St\u00e4dten zu arbeiten, ben\u00f6tigst du ausgezeichnete F\u00e4higkeiten und <strong>Kenntnisse in den Bereichen Technologie und Wirtschaft<\/strong>. Wenn du zum Berater wirst, erwarten wir von dir, dass du in der Lage bist, Prozesse in verschiedenen Systemen wie SAP zu analysieren und zu verbessern.<\/p>\n<p style=\"text-align: left;\">Die Position eines Beraters bietet dir viele interessante Chancen und M\u00f6glichkeiten zum beruflichen Aufstieg. Um aufzusteigen, muss du jedoch neben technischen F\u00e4higkeiten auch \u00fcber <strong>gute Deutsch- und Englischkenntnisse<\/strong> sowie die F\u00e4higkeit effektiv mit Kunden zu kommunizieren, verf\u00fcgen. Als Berater in Ko\u0161ice, \u017dilina oder Bratislava wirst du auch an der Suche nach effektiven L\u00f6sungen beteiligt sein, daher sollte es dir nicht an logischem Denken und analytischen F\u00e4higkeiten mangeln.<\/p>\n<p style=\"text-align: left;\">Einige Auftr\u00e4ge erfordern deine volle Anwesenheit im B\u00fcro, andere k\u00f6nnen aus der Ferne erledigt werden. Auf diese Art zu arbeiten ist zwar sehr bequem, aber als Berater im Home Office muss du \u00fcber ein ausgezeichnetes <strong>Zeitmanagement<\/strong> verf\u00fcgen, damit du keine Fristen vers\u00e4umst.<\/p>\n<p style=\"text-align: left;\">Eine andere Kategorie ist der <strong>hybride Berater<\/strong>. Eine solche Position erm\u00f6glicht es dir, nicht nur im B\u00fcro, sondern auch von zu Hause aus zu arbeiten. Ihr gro\u00dfer Vorteil ist die perfekte Balance zwischen Arbeit und Privatleben. Au\u00dferdem hast du als Mitarbeiter von msg life Slovakia Zugang zu den neuesten Technologien, wann immer du ins B\u00fcro kommst. Ganz zu schweigen von dem gro\u00dfartigen Team, mit dem du zusammenarbeiten wirst.<\/p>\n<p style=\"text-align: left;\">Und in welchen Bereichen sind IT-Berater t\u00e4tig? Die g\u00e4ngigsten Bereiche sind Informationstechnologie, Management und strategische Beratung. Da sich die verschiedenen Bereiche oft \u00fcberschneiden, ist es gut, zumindest ein Grundwissen in allen Bereichen zu haben.<\/p>\n<figure id=\"attachment_21726\" aria-describedby=\"caption-attachment-21726\" style=\"width: 1200px\" class=\"wp-caption aligncenter\"><img loading=\"lazy\" decoding=\"async\" class=\"wp-image-21724 size-full\" src=\"https:\/\/performance-msg-life-sk.rucolabs.sk\/wp-content\/uploads\/2025\/04\/IT-testerka-TPL-Gabika-1.webp\" alt=\"Um als Berater zu arbeiten, brauchst du eine Kombination aus der richtigen Begabung und Fachkenntnis, um Herausforderungen effektiv zu l\u00f6sen und Kunden einen Mehrwert zu bieten.\" width=\"1200\" height=\"630\" srcset=\"https:\/\/performance-msg-life-sk.rucolabs.sk\/wp-content\/uploads\/2025\/04\/IT-testerka-TPL-Gabika-1.webp 1200w, https:\/\/performance-msg-life-sk.rucolabs.sk\/wp-content\/uploads\/2025\/04\/IT-testerka-TPL-Gabika-1-300x158.webp 300w, https:\/\/performance-msg-life-sk.rucolabs.sk\/wp-content\/uploads\/2025\/04\/IT-testerka-TPL-Gabika-1-1024x538.webp 1024w, https:\/\/performance-msg-life-sk.rucolabs.sk\/wp-content\/uploads\/2025\/04\/IT-testerka-TPL-Gabika-1-768x403.webp 768w\" sizes=\"auto, (max-width: 1200px) 100vw, 1200px\" \/><figcaption id=\"caption-attachment-21726\" class=\"wp-caption-text\">Ein Team junger Fachleute bei der Arbeit &#8211; ein Berater, ein Tester und ein Programmierer von msg life Slovakia beraten sich am Computer<\/figcaption><\/figure>\n<h2 id=\"poziadavky\" style=\"text-align: left;\">Anforderungen an den Berater &#8211; Qualifikationen und Kenntnisse<\/h2>\n<p style=\"text-align: left;\">Um Berater zu werden, ben\u00f6tigst du eine Reihe von Voraussetzungen und Kenntnissen, die sicherstellen, dass du deine Aufgaben erfolgreich erf\u00fcllen und deinen Kunden hochwertige Dienstleistungen anbieten kannst. Die wichtigsten davon sind:<\/p>\n<ul>\n<li><strong>Technische F\u00e4higkeiten:<\/strong> Der IT-Berater sollte \u00fcber einen soliden technischen Hintergrund in der Informationstechnologie verf\u00fcgen, einschlie\u00dflich Kenntnisse in Programmiersprachen, Datenbanksystemen und Netzwerkarchitektur. Kenntnisse \u00fcber moderne Technologien wie Cloud Computing, Big Data und k\u00fcnstliche Intelligenz sind ebenfalls von Vorteil.<\/li>\n<li><strong>Analytisches Denken:<\/strong> Die F\u00e4higkeit, ein komplexes Problem zu analysieren, seine Ursachen zu erkennen und effektive L\u00f6sungen vorzuschlagen, ist entscheidend. IT-Berater m\u00fcssen in der Lage sein, gro\u00dfe Mengen an Informationen zu verarbeiten und datengest\u00fctzte Entscheidungen zu treffen.<\/li>\n<li><strong>Kenntnisse von Prozessen und Methoden:<\/strong> Kenntnisse verschiedener Projektmanagement-Methoden wie Agile, Scrum oder ITIL sind wichtig f\u00fcr eine effektive Projektplanung und -ausf\u00fchrung.<\/li>\n<li><strong>Kommunikationsf\u00e4higkeit:<\/strong> IT-Berater m\u00fcssen in der Lage sein, mit einer Vielzahl von Interessengruppen zu kommunizieren, darunter sowohl technische als auch nicht-technische Mitarbeiter. Eine klare und effektive Kommunikation ist unerl\u00e4sslich, um L\u00f6sungen zu pr\u00e4sentieren und die Unterst\u00fctzung der Kunden zu gewinnen.<\/li>\n<li><strong>Kenntnisse der Gesch\u00e4ftsprozesse:<\/strong> Um IT-L\u00f6sungen zu entwickeln, die die Effizienz und Produktivit\u00e4t der Kunden wirklich verbessern, ist es wichtig, die Funktionsweise der verschiedenen Branchen und Gesch\u00e4ftsprozesse zu verstehen.<\/li>\n<li><strong>Flexibilit\u00e4t und Anpassungsf\u00e4higkeit:<\/strong> Das IT-Umfeld entwickelt sich st\u00e4ndig weiter, daher ist es wichtig, neuen Technologien und Ans\u00e4tzen gegen\u00fcber offen zu sein. Ein Berater sollte die F\u00e4higkeit haben, schnell zu lernen und sich an Ver\u00e4nderungen anzupassen.<\/li>\n<li><strong>Teamarbeit:<\/strong> IT-Berater arbeiten oft in Teams und kooperieren mit anderen Fachleuten. Ein guter Teamgeist und die F\u00e4higkeit, Kollegen zu f\u00fchren und zu unterst\u00fctzen, sind der Schl\u00fcssel zum erfolgreichen Erreichen von Zielen.<\/li>\n<\/ul>\n<p>Du musst nicht alle der oben genannten Voraussetzungen erf\u00fcllen, um sich als Berater zu bewerben. Nur einige von ihnen reichen f\u00fcr den Anfang aus. Andere kannst du nach und nach durch verschiedene Schulungen, Workshops oder Kurse erlernen.<\/p>\n<h2 id=\"napln-prace\" style=\"text-align: left;\">Arbeitsinhalt des Beraters<\/h2>\n<p style=\"text-align: left;\">Die Arbeit eines Beraters umfasst ein breites Spektrum an Aktivit\u00e4ten, die darauf abzielen, die IT-Systeme und -Prozesse in Unternehmen zu optimieren und zu verbessern. Zu den wichtigsten Aufgaben geh\u00f6ren:<br \/>\nAnalyse der Kundenbed\u00fcrfnisse: Ein IT-Berater beginnt mit einer detaillierten \u00dcberpr\u00fcfung der Anforderungen und Bed\u00fcrfnisse des Kunden, um zu verstehen, welche Technologien und L\u00f6sungen ihm am meisten helfen k\u00f6nnten.<\/p>\n<ul>\n<li style=\"text-align: left;\"><strong>Entwurf und Implementierung von IT-L\u00f6sungen:<\/strong> Auf der Grundlage der Analyse entwirft der Berater effektive IT-L\u00f6sungen, die Softwareanwendungen, Hardwarekomponenten oder ganze Systeme umfassen k\u00f6nnen.<\/li>\n<li style=\"text-align: left;\"><strong>Beratung bei der Technologieauswahl:<\/strong> Der Berater bietet fachkundige Beratung bei der Auswahl geeigneter Technologien und Tools, die den Zielen und dem Budget des Kunden entsprechen.<\/li>\n<li style=\"text-align: left;\"><strong>Projektmanagement:<\/strong> Viele IT-Berater sind im Projektmanagement t\u00e4tig, das die Planung, Organisation und \u00dcberwachung der Implementierung von IT-Projekten umfasst.<br \/>\nSystemtests und -integration: Nach der Implementierung von IT-L\u00f6sungen konzentriert sich der Berater auf das Testen der Systeme, um sicherzustellen, dass sie ordnungsgem\u00e4\u00df funktionieren und sich in bestehende Systeme integrieren lassen.<\/li>\n<li style=\"text-align: left;\"><strong>Benutzerschulung und -unterst\u00fctzung:<\/strong> Berater schulen h\u00e4ufig Mitarbeiter und Benutzer, damit sie neue Technologien und Systeme effektiv nutzen k\u00f6nnen.<br \/>\nLaufende Unterst\u00fctzung und Wartung: Sobald die L\u00f6sungen implementiert sind, bieten Berater auch weiterf\u00fchrenden Support und Wartung an, um sicherzustellen, dass die Systeme reibungslos funktionieren und auf dem neuesten Stand sind.<\/li>\n<li style=\"text-align: left;\"><strong>IT-Strategien und digitale Transformation:<\/strong> IT-Berater helfen Unternehmen dabei, langfristige IT-Strategien zu entwickeln und die digitale Transformation zu planen, um sich an die sich ver\u00e4ndernden Technologien und M\u00e4rkte anzupassen.<\/li>\n<li style=\"text-align: left;\"><strong>Analysen und Berichte:<\/strong> Der IT-Berater \u00fcberwacht und analysiert die Leistung von IT-Systemen und erstellt Berichte, um Kunden zu helfen, fundierte Entscheidungen zu treffen.<\/li>\n<\/ul>\n<p>Die einzelnen Aufgaben k\u00f6nnen je nach Branche, Gr\u00f6\u00dfe des Unternehmens und spezifischen Kundenanforderungen variieren.<\/p>\n<figure id=\"attachment_21733\" aria-describedby=\"caption-attachment-21733\" style=\"width: 1200px\" class=\"wp-caption aligncenter\"><img loading=\"lazy\" decoding=\"async\" class=\"wp-image-21731 size-full\" src=\"https:\/\/performance-msg-life-sk.rucolabs.sk\/wp-content\/uploads\/2025\/04\/Muz_muz-2.webp\" alt=\"Die Hauptaufgabe eines IT-Beraters besteht darin, die Bed\u00fcrfnisse des Kunden zu analysieren und die am besten geeigneten technologischen L\u00f6sungen vorzuschlagen.\" width=\"1200\" height=\"630\" srcset=\"https:\/\/performance-msg-life-sk.rucolabs.sk\/wp-content\/uploads\/2025\/04\/Muz_muz-2.webp 1200w, https:\/\/performance-msg-life-sk.rucolabs.sk\/wp-content\/uploads\/2025\/04\/Muz_muz-2-300x158.webp 300w, https:\/\/performance-msg-life-sk.rucolabs.sk\/wp-content\/uploads\/2025\/04\/Muz_muz-2-1024x538.webp 1024w, https:\/\/performance-msg-life-sk.rucolabs.sk\/wp-content\/uploads\/2025\/04\/Muz_muz-2-768x403.webp 768w\" sizes=\"auto, (max-width: 1200px) 100vw, 1200px\" \/><figcaption id=\"caption-attachment-21733\" class=\"wp-caption-text\">Die IT-Berater von msg life Slovakia sitzen hinter einem Computer und analysieren die f\u00fcr den Kunden am besten geeignete technologische L\u00f6sung<\/figcaption><\/figure>\n<h2 id=\"plat-konzultanta\" style=\"text-align: left;\">Gehalt des Beraters<\/h2>\n<p style=\"text-align: left;\">Das Gehalt eines Beraters <strong>h\u00e4ngt von einer Reihe von Faktoren ab<\/strong>, darunter:<\/p>\n<ul>\n<li style=\"text-align: left;\">Region,<\/li>\n<li style=\"text-align: left;\">Fachwissen,<\/li>\n<li style=\"text-align: left;\">Kenntnissen,<\/li>\n<li style=\"text-align: left;\">Art der Position.<\/li>\n<\/ul>\n<p>Zum Beispiel verdienen Berater in Bratislava im Allgemeinen mehr als in kleineren St\u00e4dten.<\/p>\n<p>Au\u00dferdem liegt die Bewertung eines Junior-IT-Beraters in der Regel auf dem durchschnittlichen Niveau oder etwas h\u00f6her. Im Gegensatz dazu kann sich ein erfahrener Senior auf ein sehr interessantes Monatsgehalt freuen. Im Falle von msg life wird dies durch verschiedene gro\u00dfz\u00fcgige <a href=\"https:\/\/performance-msg-life-sk.rucolabs.sk\/de\/mitarbeiter-benefits\/\">Zusatzleistungen<\/a> erg\u00e4nzt, wie z.B.:<\/p>\n<ul>\n<li>Belohnungen und Boni,<\/li>\n<li>Weihnachtspr\u00e4mie, die so hoch wie das monatliche Grundgehalt sein kann,<\/li>\n<li>gro\u00dfz\u00fcgiges Essensgeld,<\/li>\n<li>Hobbyzulage von 200 \u20ac pro Jahr,<\/li>\n<li>finanzielle Unterst\u00fctzung bei langfristiger krankheitsbedingter Abwesenheit,<\/li>\n<li>Schulungen und Kurse,<\/li>\n<li>Konferenzen und Workshops,<\/li>\n<li>Teambuilding,<\/li>\n<li>flexible Arbeitszeiten und vieles mehr.<\/li>\n<\/ul>\n<p>Folglich wird das Gehalt auch dadurch erh\u00f6ht, dass gute und erfahrene IT-Berater heute sehr gefragt sind. Wenn du offen f\u00fcr neue Herausforderungen bist, keine Angst vor gr\u00f6\u00dferen Projekten f\u00fcr ausl\u00e4ndische Kunden hast und bereit bist, sich st\u00e4ndig zu verbessern und Neues zu lernen, hei\u00dfen wir dich gerne bei msg life Slovakia willkommen.<\/p>\n<p>Falls du dich f\u00fcr das genaue Gehalt eines IT-Beraters interessierst, stellen wir dir die folgende Auswertung unserer derzeit offenen Stellenangebote zur Verf\u00fcgung (wir geben das monatliche Bruttogehalt an):<\/p>\n<p><strong>Berater &#8211; Gehalt:<\/strong><\/p>\n<ul>\n<li><a href=\"https:\/\/performance-msg-life-sk.rucolabs.sk\/de\/stellenangebote\/\">Business &amp; Integration IT Consultant<\/a> &#8211; ab 2.600 \u20ac<\/li>\n<li><a href=\"https:\/\/performance-msg-life-sk.rucolabs.sk\/de\/stellenangebote\/\">IT-Berater f\u00fcr Unternehmen &#8211; Prozessspezialist<\/a> &#8211; ab 2.600 \u20ac<\/li>\n<\/ul>\n<p>Die spezifische H\u00f6he des Gehalts h\u00e4ngt von deinen Kenntnissen und deiner Erfahrung ab und ist das Ergebnis einer gegenseitigen Vereinbarung.<\/p>\n<h2 id=\"vyberovy-proces\" style=\"text-align: left;\">Beraterauswahlverfahren bei msg life Slovakia<\/h2>\n<p>Das Auswahlverfahren bei msg life Slovakia besteht aus mehreren Schritten:<\/p>\n<ol>\n<li><strong>Festlegung der Anforderungen:<\/strong> Zun\u00e4chst definieren wir, welche Anforderungen wir an die Person stellen, die unser neuer IT-Berater werden soll. Neben den technischen F\u00e4higkeiten legen wir in der Regel auch bestimmte pers\u00f6nliche Eigenschaften fest, die f\u00fcr die Stelle geeignet sind.<\/li>\n<li><strong>Stellenausschreibung:<\/strong> Wenn wir eine freie Stelle f\u00fcr einen IT-Berater haben, ver\u00f6ffentlichen wir eine Anzeige, die du auf unserer Website und anderen Jobportalen finden kannst.<\/li>\n<li><strong>Annahme von Bewerbungen:<\/strong> W\u00e4hrend des Zeitraums, in dem die Anzeige ver\u00f6ffentlicht wird, nehmen wir Bewerbungen von Bewerbern an und w\u00e4hlen die am besten geeigneten aus.<\/li>\n<li><strong>Kontaktaufnahme mit ausgew\u00e4hlten Kandidaten:<\/strong> Wir kontaktieren Kandidaten, die unsere Anforderungen erf\u00fcllen, und laden sie zu einem pers\u00f6nlichen oder Online-Interview ein.<\/li>\n<li><strong>Technische Runde:<\/strong> Manchmal findet sie statt, manchmal nicht. Sie dient dazu, deine F\u00e4higkeiten in der Praxis zu testen.<\/li>\n<li><strong>Vereinbarung der Details:<\/strong> Dies ist der letzte Schritt, der erfolgt, wenn wir dich ausw\u00e4hlen und dir die Stelle anbieten. Gemeinsam vereinbaren wir alle Einzelheiten der Stelle, die Arbeitsweise und die Gehaltsbedingungen.<\/li>\n<\/ol>\n<p>Wenn du also zu einem Vorstellungsgespr\u00e4ch gehst, solltest du nicht vergessen, deine Kenntnisse und Erfahrungen zu erw\u00e4hnen. Egal, ob du Berater in Bratislava oder IT-Berater in \u017dilina werden willst, zeige, dass du \u00fcber die notwendigen Qualifikationen f\u00fcr diesen Beruf verf\u00fcgst. Erw\u00e4hne deine Ausbildung, relevante F\u00e4higkeiten oder Erfahrungen in diesem Bereich. Zeige gleichzeitig, dass du keine Angst vor Herausforderungen hast und bereit bist, an interessanten Projekten f\u00fcr verschiedene Kunden zu arbeiten.<\/p>\n","protected":false},"excerpt":{"rendered":"<p>Berater &#8211; aktuelle Stellenangebote (2) | Unter der Position des Beraters wird Technologie und Kreativit\u00e4t kombiniert. Wenn du auf der Suche nach einer Gelegenheit bist, die dir die T\u00fcren zu [&hellip;]<\/p>\n","protected":false},"author":32,"featured_media":0,"parent":13689,"menu_order":0,"comment_status":"closed","ping_status":"closed","template":"templates\/page-povolanie.php","meta":{"_acf_changed":false,"footnotes":""},"class_list":["post-22905","page","type-page","status-publish","hentry"],"acf":[],"aioseo_notices":[],"_links":{"self":[{"href":"https:\/\/performance-msg-life-sk.rucolabs.sk\/de\/wp-json\/wp\/v2\/pages\/22905","targetHints":{"allow":["GET"]}}],"collection":[{"href":"https:\/\/performance-msg-life-sk.rucolabs.sk\/de\/wp-json\/wp\/v2\/pages"}],"about":[{"href":"https:\/\/performance-msg-life-sk.rucolabs.sk\/de\/wp-json\/wp\/v2\/types\/page"}],"author":[{"embeddable":true,"href":"https:\/\/performance-msg-life-sk.rucolabs.sk\/de\/wp-json\/wp\/v2\/users\/32"}],"replies":[{"embeddable":true,"href":"https:\/\/performance-msg-life-sk.rucolabs.sk\/de\/wp-json\/wp\/v2\/comments?post=22905"}],"version-history":[{"count":5,"href":"https:\/\/performance-msg-life-sk.rucolabs.sk\/de\/wp-json\/wp\/v2\/pages\/22905\/revisions"}],"predecessor-version":[{"id":25578,"href":"https:\/\/performance-msg-life-sk.rucolabs.sk\/de\/wp-json\/wp\/v2\/pages\/22905\/revisions\/25578"}],"up":[{"embeddable":true,"href":"https:\/\/performance-msg-life-sk.rucolabs.sk\/de\/wp-json\/wp\/v2\/pages\/13689"}],"wp:attachment":[{"href":"https:\/\/performance-msg-life-sk.rucolabs.sk\/de\/wp-json\/wp\/v2\/media?parent=22905"}],"curies":[{"name":"wp","href":"https:\/\/api.w.org\/{rel}","templated":true}]}}