{"id":22904,"date":"2025-05-06T19:35:29","date_gmt":"2025-05-06T17:35:29","guid":{"rendered":"https:\/\/performance-msg-life-sk.rucolabs.sk\/?page_id=22904"},"modified":"2026-03-19T11:38:53","modified_gmt":"2026-03-19T10:38:53","slug":"java-entwickler","status":"publish","type":"page","link":"https:\/\/performance-msg-life-sk.rucolabs.sk\/de\/stellenangebote\/java-entwickler\/","title":{"rendered":"Java Entwickler"},"content":{"rendered":"<h2 id=\"ponuky-prace\" class=\"font-600 text-xl font-bold\" style=\"text-align: justify;\">Java-Entwickler Job &#8211; April 2026<\/h2>\n<p>Bist du begeistert von Java und suchst neue Herausforderungen im Bereich Softwareentwicklung? Komm zu msg life Slovakia als Java-Entwickler und werde Teil eines Teams, <strong>das innovative L\u00f6sungen f\u00fcr viele internationale Kunden aus der Versicherungsbranche entwickelt<\/strong>.<\/p>\n<p style=\"text-align: justify;\">Wir sind auf der Suche nach zuverl\u00e4ssigen und motivierten Java-Ingenieuren, die <strong>keine Angst vor komplexen Aufgaben haben<\/strong> und gerne in einem agilen Umfeld arbeiten. Als Java-Entwickler wirst du an der Entwicklung modernster Softwarel\u00f6sungen f\u00fcr unsere gro\u00dfen internationalen Kunden beteiligt sein.<\/p>\n<p style=\"text-align: justify;\">Unsere Produkte helfen Versicherungsunternehmen auf der ganzen Welt dabei, die Herausforderungen der Digitalisierung zu meistern und ihre IT-Infrastruktur zu modernisieren. Wir bei msg life Slovakia blicken auf eine mehr als 25-j\u00e4hrige Geschichte zur\u00fcck, in der wir an vielen Projekten gearbeitet haben. In dieser Zeit haben wir uns zu einem vertrauensw\u00fcrdigen Anbieter von modernen L\u00f6sungen entwickelt, die die Zukunft ver\u00e4ndern. Daher bieten wir allen Fachkr\u00e4ften, einschlie\u00dflich Java-Entwicklern, <strong>ein stabiles Arbeitsumfeld und M\u00f6glichkeiten zur beruflichen Weiterentwicklung<\/strong>. Du kannst bei uns auf Vollzeit, Teilzeit oder als Freiberufler arbeiten.<\/p>\n<p style=\"text-align: justify;\">Ein Java-Entwickler bei msg life Slovakia zu sein bedeutet mehr als nur Code zu schreiben. Es ist eine Chance, Ideen in die Realit\u00e4t umzusetzen und zur Innovation in der Versicherungsbranche beizutragen. Dank deinen F\u00e4higkeiten und Kenntnisse der Java-Technologien wirst du <strong>direkten Einfluss auf die Funktionsweise unserer Softwarel\u00f6sungen nehmen<\/strong>. Bist du an so etwas interessiert? Folge unseren offenen Stellenangeboten und sichere dir einen sicheren Arbeitsplatz mit Weiterbildungsm\u00f6glichkeiten, Wachstumsperspektiven und einer wettbewerbsf\u00e4higen finanziellen Verg\u00fctung.<\/p>\n<h2 id=\"popis-profesie\" class=\"font-600 text-xl font-bold\" style=\"text-align: justify;\">Java-Entwickler &#8211; Stellenbeschreibung<\/h2>\n<p style=\"text-align: justify;\">Als Java-Entwickler bei msg life Slovakia bist du f\u00fcr <strong>den Entwurf, die Entwicklung und die Wartung von leistungsstarken Java-Anwendungen<\/strong> verantwortlich. Du arbeitest an Webanwendungen, mobilen Anwendungen und Unternehmenssoftwaresystemen. Zu deinen Aufgaben geh\u00f6ren das Schreiben von sauberem, effizientem und gut dokumentiertem Code sowie das Debuggen und Beheben von Fehlern in Programmen.<\/p>\n<p style=\"text-align: justify;\">Unsere Java-Entwickler f\u00fchren auch <strong>technische Analysen<\/strong> durch, um L\u00f6sungen f\u00fcr Produktionsprobleme zu finden. Dabei arbeiten sie mit anderen Softwareingenieuren, Webentwicklern und Teammitgliedern zusammen.<\/p>\n<p style=\"text-align: justify;\">Bei msg life Slovakia bist du au\u00dferdem am <strong>gesamten Lebenszyklus der Softwareentwicklung<\/strong> beteiligt &#8211; von Konzept und Design bis hin zu Test und Bereitstellung. Zu deinen Aufgaben geh\u00f6rt auch die Umwandlung von Kunden-\/Benutzeranforderungen in technische Spezifikationen und die Dokumentation von Projektcode. Dar\u00fcber hinaus testest und debuggst du Code im Rahmen der Fehlerbehebung und erstellst Pl\u00e4ne zur Aktualisierung von Java-Anwendungen. Diese Aufgaben decken ein breites Spektrum an Aufgaben ab, mit denen ein Java-Entwickler konfrontiert wird, und spiegeln sowohl Industriestandards als auch Informationen aus den bereitgestellten Materialien wider.<\/p>\n<p style=\"text-align: justify;\">Kurz gesagt, als Java-Entwickler wirst du:<\/p>\n<ul style=\"text-align: justify;\">\n<li>neue Funktionen und Module entwerfen und implementieren,<\/li>\n<li>vorhandenen Code f\u00fcr bessere Leistung und Skalierbarkeit optimieren,<\/li>\n<li>komplexe Probleme l\u00f6sen und innovative L\u00f6sungen suchen,<\/li>\n<li>mit anderen Teammitgliedern zusammenarbeiten, um hochwertige Software zu entwickeln,<\/li>\n<li>an der Gestaltung der Architektur und der technischen L\u00f6sung mitwirken.<\/li>\n<\/ul>\n<p style=\"text-align: justify;\">Egal, ob du eine Vollzeit-, Teilzeit- oder freiberufliche T\u00e4tigkeit suchst, bei msg life Slovakia <strong>findest du eine M\u00f6glichkeit f\u00fcr dich<\/strong>. Wir haben B\u00fcros in Bratislava, Ko\u0161ice und \u017dilina und bieten auch die M\u00f6glichkeit, von zu Hause aus zu arbeiten. Werfe einen Blick auf unsere aktuellen Angebote und siehe, was du als Java&#8211;Entwickler bei msg life Slovakia erreichen kannst.<\/p>\n<figure id=\"attachment_15365\" aria-describedby=\"caption-attachment-15365\" style=\"width: 1200px\" class=\"wp-caption aligncenter\"><img loading=\"lazy\" decoding=\"async\" class=\"wp-image-4331 size-full\" src=\"https:\/\/performance-msg-life-sk.rucolabs.sk\/wp-content\/uploads\/2020\/10\/praca-integratora-pre-oblast-poistovnictva-msg-webshare.jpg\" alt=\"Programmierer arbeitet hinter einem Computer im msg life B\u00fcro\" width=\"1200\" height=\"630\" srcset=\"https:\/\/performance-msg-life-sk.rucolabs.sk\/wp-content\/uploads\/2020\/10\/praca-integratora-pre-oblast-poistovnictva-msg-webshare.jpg 1200w, https:\/\/performance-msg-life-sk.rucolabs.sk\/wp-content\/uploads\/2020\/10\/praca-integratora-pre-oblast-poistovnictva-msg-webshare-300x158.jpg 300w, https:\/\/performance-msg-life-sk.rucolabs.sk\/wp-content\/uploads\/2020\/10\/praca-integratora-pre-oblast-poistovnictva-msg-webshare-1024x538.jpg 1024w, https:\/\/performance-msg-life-sk.rucolabs.sk\/wp-content\/uploads\/2020\/10\/praca-integratora-pre-oblast-poistovnictva-msg-webshare-768x403.jpg 768w\" sizes=\"auto, (max-width: 1200px) 100vw, 1200px\" \/><figcaption id=\"caption-attachment-15365\" class=\"wp-caption-text\">Java-Entwickler bei msg life Slovakia<\/figcaption><\/figure>\n<h2 id=\"poziadavky\" style=\"text-align: justify;\">Anforderungen an den Java-Entwickler &#8211; Voraussetzungen und Kenntnisse<\/h2>\n<p style=\"text-align: justify;\">Als Java-Entwickler solltest du \u00fcber analytische F\u00e4higkeiten, Probleml\u00f6sungskompetenz und Begeisterung f\u00fcr neue Technologien verf\u00fcgen. Die F\u00e4higkeit, <strong>in einem Team zu arbeiten und deine Ideen zu kommunizieren, ist ebenfalls wichtig .<\/strong><\/p>\n<p style=\"text-align: justify;\"><strong>Hard Skills<\/strong>, die dir nicht fehlen sollten:<\/p>\n<ul style=\"text-align: justify;\">\n<li style=\"text-align: left;\">Erfahrung mit der Programmiersprache Java,<\/li>\n<li style=\"text-align: left;\">Erfahrung mit objektorientierter Programmierung (Java JEE),<\/li>\n<li style=\"text-align: left;\">Kenntnisse von Webentwicklungs-Frameworks wie Spring, Hibernate und Struts,<\/li>\n<li style=\"text-align: left;\">Erfahrung mit Entwicklungs- und DevOps-Tools (z.B. Eclipse, Git, Jenkins, Jira, Maven, Docker, Kubernetes, AWS\/Azure\/Google Cloud),<\/li>\n<li style=\"text-align: left;\">Kenntnisse in Softwarearchitektur, Prozess- und Datenmodellierung,<\/li>\n<li style=\"text-align: left;\">Kenntnisse von Datenbanken (SQL, PL\/SQL, Oracle, PostgreSQL, MySQL, DB2),<\/li>\n<li style=\"text-align: left;\">Erfahrung im Design und der Implementierung von Softwareprodukten,<\/li>\n<li style=\"text-align: left;\">Kenntnisse von Frontend-Technologien (HTML, CSS, JavaScript, Angular, React),<\/li>\n<li style=\"text-align: left;\">Erfahrung mit Testtools und Frameworks (z.B. JUnit, Selenium).<\/li>\n<\/ul>\n<p style=\"text-align: justify;\"><strong>Von den Soft Skills<\/strong> k\u00f6nnten wir sicherlich folgende erw\u00e4hnen:<\/p>\n<ul style=\"text-align: justify;\">\n<li style=\"text-align: left;\"><strong>Kommunikationsf\u00e4higkeiten:<\/strong> Effektives Erkl\u00e4ren von technischen Konzepten und L\u00f6sungen den Kunden ohne technisches Wissen<\/li>\n<li style=\"text-align: left;\"><strong>Aktives Zuh\u00f6ren:<\/strong> die F\u00e4higkeit, den Anforderungen und Problemen des Kunden aufmerksam zuzuh\u00f6ren.<\/li>\n<li style=\"text-align: left;\"><strong>Einf\u00fchlungsverm\u00f6gen:<\/strong> Verst\u00e4ndnis f\u00fcr die Bed\u00fcrfnisse und Sorgen der Kunden und einf\u00fchlsames Reagieren auf sie.<\/li>\n<li style=\"text-align: left;\"><strong>Klarheit und Pr\u00e4gnanz:<\/strong> die F\u00e4higkeit, komplexe technische Informationen einfach und pr\u00e4gnant zu erkl\u00e4ren.<\/li>\n<li style=\"text-align: left;\"><strong>Toleranz gegen\u00fcber Unwissenheit: die<\/strong> F\u00e4higkeit, mit Kunden zu kommunizieren, denen es an technischem Wissen mangelt, ohne dass sie sich dabei unwohl f\u00fchlen.<\/li>\n<li style=\"text-align: left;\"><strong>Flexibilit\u00e4t:<\/strong> Bereitschaft zur Anpassung an die Bed\u00fcrfnisse des Kunden und an Ver\u00e4nderungen im Laufe des Projekts.<\/li>\n<li style=\"text-align: left;\"><strong>Proaktive Probleml\u00f6sung: Aktives <\/strong> Suchen nach L\u00f6sungen f\u00fcr Probleme und ihre Kommunikation mit dem Kunden.<\/li>\n<li style=\"text-align: left;\"><strong>Vertrauen und Transparenz:<\/strong> Aufbau von Vertrauen durch transparente Kommunikation \u00fcber Fortschritte und Herausforderungen.<\/li>\n<li style=\"text-align: left;\"><strong>Kulturelle Sensibilit\u00e4t: die<\/strong> F\u00e4higkeit, mit Kunden mit unterschiedlichem kulturellem Hintergrund zu kommunizieren.<\/li>\n<li style=\"text-align: left;\"><strong>Teamarbeit:<\/strong> F\u00e4higkeit, im Team zu arbeiten, zum gemeinsamen Erfolg beizutragen und Konflikte zu l\u00f6sen.<\/li>\n<li style=\"text-align: left;\"><strong>Anpassungsf\u00e4higkeit:<\/strong> Bereitschaft, sich an neue Technologien, Frameworks und Arbeitsabl\u00e4ufe anzupassen.<\/li>\n<li style=\"text-align: left;\"><strong>Logisches Denken: die<\/strong> F\u00e4higkeit, Probleme logisch und effizient zu l\u00f6sen.<\/li>\n<li style=\"text-align: left;\"><strong>Organisatorische F\u00e4higkeiten: die<\/strong> F\u00e4higkeit, Zeit und Aufgaben effektiv zu organisieren, um gesetzte Ziele zu erreichen.<\/li>\n<li style=\"text-align: left;\"><strong>Verantwortlichkeit:<\/strong> \u00dcbernahme der Verantwortung f\u00fcr die Qualit\u00e4t der eigenen Arbeit und f\u00fcr die Ergebnisse des Teams.<\/li>\n<li style=\"text-align: left;\"><strong>Sprachkenntnisse:<\/strong> sehr gute Kenntnisse der englischen Sprache (mindestens Niveau B2). Gute Deutschkenntnisse (mindestens Niveau B1\/B2) sind ebenfalls sehr w\u00fcnschenswert. Wenn du dieses Sprachniveau nicht hast, mache dir keine Sorgen &#8211; bei msg life Slovakia unterst\u00fctzen wir dich mit verschiedenen Kursen beim Erlernen der Sprache.<\/li>\n<\/ul>\n<p style=\"text-align: justify;\">Als Java-Entwickler musst du nicht alle der oben genannten F\u00e4higkeiten besitzen. Du brauchst nur eine Kombination von einigen, die du wie ein Profi beherrschen wirst. Und wenn es dir nicht an der Lust am Lernen mangelt, kannst du dein Wissen leicht erweitern.<\/p>\n<p style=\"text-align: justify;\">Gleichzeitig <strong>variieren die Anforderungen je nach Unternehmen und der Position<\/strong>, f\u00fcr die du dich interessierst. Junior-Entwickler ben\u00f6tigen andere Qualifikationen als Medior- oder Senior-Entwickler. Studiere daher die Stellenanzeige gr\u00fcndlich, um zu sehen, ob du alles erf\u00fcllst, was ein potenzieller Arbeitgeber verlangt.<\/p>\n<h2 id=\"napln-prace\" style=\"text-align: justify;\">Arbeitsinhalt des Java-Entwicklers<\/h2>\n<p style=\"text-align: justify;\">Wenn du dich fragst, was ein Java-Entwickler macht, ist die Antwort ziemlich komplex. Dieser Spezialist ist f\u00fcr eine <strong>gro\u00dfe Anzahl von Aufgaben<\/strong> zust\u00e4ndig, darunter:<\/p>\n<ul style=\"text-align: justify;\">\n<li><strong>Anforderungsanalyse:<\/strong> Verstehen der Bed\u00fcrfnisse des Kunden und Umwandlung in technische Spezifikationen.<\/li>\n<li><strong>Software-Design:<\/strong> Erstellung der Architektur und des Designs der Anwendung.<\/li>\n<li><strong>Coding:<\/strong> Schreiben von qualitativ hochwertigem, testbarem und nachhaltigem Code in Java.<\/li>\n<li><strong>Testen:<\/strong> Durchf\u00fchrung von Unit-, Integrations- und Systemtests.<\/li>\n<li><strong>Wartung und Aktualisierung:<\/strong> Regelm\u00e4\u00dfige Software-Updates und \u00c4nderungen.<\/li>\n<li><strong>Dokumentation:<\/strong> Erstellung und Pflege der technischen Dokumentation.<\/li>\n<li><strong>Teamarbeit:<\/strong> Aktive Zusammenarbeit mit anderen Teammitgliedern.<\/li>\n<li><strong>Probleml\u00f6sung:<\/strong> Erkennen und L\u00f6sen von technischen Problemen.<\/li>\n<\/ul>\n<p style=\"text-align: justify;\">Ein typischer Tag eines Java-Entwicklers bei msg life Slovakia umfasst die <strong>Analyse und Kl\u00e4rung von Anforderungen<\/strong>, Softwaredesign und -architektur, Codierung und Implementierung in Java unter Verwendung moderner Frameworks (Spring, Hibernate usw.). Dar\u00fcber hinaus f\u00fchren Fachleute Unit-Tests, Integrationstests und Leistungstests durch, pflegen und aktualisieren bestehende Anwendungen und erstellen und aktualisieren die technische Dokumentation.<\/p>\n<p style=\"text-align: justify;\">Java-Entwickler beteiligen sich in der Regel aktiv an <strong>agilen Software-Management-Methoden<\/strong> (Scrum, Kanban) und arbeiten mit funktions\u00fcbergreifenden Teams zusammen, zu denen auch Tester und Business-Analysten geh\u00f6ren. Zu deinen Aufgaben in dieser Rolle geh\u00f6ren auch die L\u00f6sung technischer Probleme und die Teilnahme an Code-Reviews, um die Qualit\u00e4t des Codes und die Einhaltung der bew\u00e4hrten Vorgehensweisen sicherzustellen.<\/p>\n<p style=\"text-align: justify;\"><strong>Die konkrete Stellenbeschreibung<\/strong> <strong>h\u00e4ngt von deiner Position<\/strong> (Junior, Medior, Senior) <strong>und dem Projekt<\/strong> ab, an dem du arbeiten wirst. Bei uns muss du nicht den Stereotyp bef\u00fcrchten. Wir geben unseren Mitarbeitern w\u00e4hrend des gesamten Projektumfangs Raum &#8211; von der Analyse bis zur Umsetzung. Mit deiner Arbeit tr\u00e4gst du zu innovativen L\u00f6sungen in der Versicherungsbranche bei und verbesserst die Nutzererfahrung unserer Kunden.<\/p>\n<p style=\"text-align: justify;\">Du kannst nicht nur direkt im B\u00fcro arbeiten, sondern auch im Home Office oder kannst eine Kombination beider w\u00e4hlen. Diese Position wird als Java-Entwickler-Hybrid bezeichnet und bringt <strong>mehrere <a href=\"https:\/\/performance-msg-life-sk.rucolabs.sk\/de\/mitarbeiter-benefits\/\">Vorteile<\/a><\/strong> mit sich. Sie garantiert dir Flexibilit\u00e4t und erleichtert es, ein gesundes Gleichgewicht zwischen Arbeit und Privatleben zu halten. So kannst du sowohl eine h\u00f6here Produktivit\u00e4t als auch eine h\u00f6here Arbeitszufriedenheit genie\u00dfen.<\/p>\n<p style=\"text-align: justify;\"><img loading=\"lazy\" decoding=\"async\" class=\"aligncenter wp-image-4328 size-full\" src=\"https:\/\/performance-msg-life-sk.rucolabs.sk\/wp-content\/uploads\/2020\/10\/praca-software-developera-pre-oblast-migracie-msg-webshare.jpg\" alt=\"Die Programmierer im msg-B\u00fcro arbeiten hinter einem Computer\" width=\"1200\" height=\"630\" srcset=\"https:\/\/performance-msg-life-sk.rucolabs.sk\/wp-content\/uploads\/2020\/10\/praca-software-developera-pre-oblast-migracie-msg-webshare.jpg 1200w, https:\/\/performance-msg-life-sk.rucolabs.sk\/wp-content\/uploads\/2020\/10\/praca-software-developera-pre-oblast-migracie-msg-webshare-300x158.jpg 300w, https:\/\/performance-msg-life-sk.rucolabs.sk\/wp-content\/uploads\/2020\/10\/praca-software-developera-pre-oblast-migracie-msg-webshare-1024x538.jpg 1024w, https:\/\/performance-msg-life-sk.rucolabs.sk\/wp-content\/uploads\/2020\/10\/praca-software-developera-pre-oblast-migracie-msg-webshare-768x403.jpg 768w\" sizes=\"auto, (max-width: 1200px) 100vw, 1200px\" \/><\/p>\n<h2 id=\"plat-java-developera\" style=\"text-align: justify;\">Gehalt des Java-Entwicklers<\/h2>\n<p style=\"text-align: justify;\">Bei msg life Slovakia sch\u00e4tzen wir hochqualifizierte Java-Entwickler und bieten wettbewerbsf\u00e4hige Geh\u00e4lter. Das genaue Gehalt variiert je nach deiner Erfahrung, Kenntnissen und Standort. Medior- und Senior-Entwickler mit umfassender Erfahrung <strong>k\u00f6nnen ein h\u00f6heres Gehalt erwarten<\/strong> als Junior-Entwickler.<\/p>\n<p style=\"text-align: justify;\">Gleichzeitig muss man ber\u00fccksichtigen, dass das Gehalt eines Java-Programmierers in Bratislava anders ist als das eines Programmierers in anderen St\u00e4dten der Slowakei. Nat\u00fcrlich wird das Gehalt auch von der Tatsache beeinflusst, dass die <strong>Nachfrage nach guten Java-Entwicklern heute sehr hoch<\/strong> ist. Die Unternehmen sind daher bereit, gute Spezialisten mit einem interessanten Monatsgehalt zu belohnen.<\/p>\n<p style=\"text-align: justify;\">F\u00fcr unsere Entwicklungspositionen <strong>kannst du mit folgendem Gehalt rechnen<\/strong> (wir geben ein monatliches Bruttogehalt an):<\/p>\n<ul style=\"text-align: justify;\">\n<li><a href=\"https:\/\/performance-msg-life-sk.rucolabs.sk\/praca\/\">Java-Programmierer Experte<\/a> &#8211; ab 3 100 \u20ac<\/li>\n<li><a href=\"https:\/\/performance-msg-life-sk.rucolabs.sk\/de\/stellenangebote\/\">Java-Programmierer Senior <\/a>&#8211; ab 2 800 \u20ac<\/li>\n<li><a href=\"https:\/\/performance-msg-life-sk.rucolabs.sk\/praca\/\">Java-Programmierer Medior<\/a> &#8211; ab 2 300 \u20ac<\/li>\n<\/ul>\n<p style=\"text-align: justify;\">Die H\u00f6he des Gehalts wird auch durch das <strong>reichhaltige Leistungspaket<\/strong> beeinflusst, das msg life Slovakia bietet:<\/p>\n<ul style=\"text-align: justify;\">\n<li style=\"text-align: left;\">motivierende Belohnungen und Boni,<\/li>\n<li style=\"text-align: left;\">Weihnachtspr\u00e4mien,<\/li>\n<li style=\"text-align: left;\">Essenszuschuss,<\/li>\n<li style=\"text-align: left;\">Hobbyzulage,<\/li>\n<li style=\"text-align: left;\">finanzielle Unterst\u00fctzung bei langfristiger krankheitsbedingter Abwesenheit,<\/li>\n<li style=\"text-align: left;\">M\u00f6glichkeiten zur beruflichen Entwicklung und Weiterbildung.<\/li>\n<\/ul>\n<p style=\"text-align: justify;\">Aber das ist noch lange nicht alles. Bei msg life Slovakia bieten wir <strong>Stabilit\u00e4t und Wachstumschancen an<\/strong>. Wir bieten unseren Java-Programmierern eine langfristige Zusammenarbeit an verschiedenen interessanten Projekten und f\u00fcr gro\u00dfe Kunden. Nat\u00fcrlich gibt es auch Karrierechancen oder die M\u00f6glichkeit, an verschiedenen interessanten Konferenzen oder Schulungen teilzunehmen &#8211; du kannst zwischen internen und externen zertifizierten Kursen oder kostenlosen Sprachkursen w\u00e4hlen.<\/p>\n<p style=\"text-align: justify;\"><strong>Flexibilit\u00e4t und Freizeit<\/strong> ist ebenfalls ein gro\u00dfer Vorteil. Du kannst w\u00e4hlen, ob du von zu Hause aus arbeiten m\u00f6chtest, zus\u00e4tzliche Urlaubstage, bezahlte Freistellung an Silvester oder Krankheitstage haben willst. Zu unserer Unternehmenskultur bei msg life Slovakia geh\u00f6ren diverse Teambuilding-Aktivit\u00e4ten, gemeinsame Mittagessen, eine freundliche Atmosph\u00e4re, Sommer- und Weihnachtsfeste, ein haustierfreundliches B\u00fcro, Teamsportaktivit\u00e4ten und eine Relaxzone. Wir k\u00fcmmern uns um die Gesundheit und das Wohlbefinden unserer Mitarbeiter durch gesunde Snacks, hochwertigen Kaffee, MultiSport-Karten, ein Fitnesscenter vor Ort, kostenlose Parkpl\u00e4tze, Massagen, Gesundheitsuntersuchungen und psychologische Beratung.<\/p>\n<h2 id=\"vyberovy-proces\" style=\"text-align: justify;\">Auswahlverfahren f\u00fcr Java-Entwickler bei msg life Slovakia<\/h2>\n<p style=\"text-align: justify;\">Unser Auswahlverfahren ist darauf ausgerichtet, die besten Java-Entwickler zu finden. Es besteht aus mehreren Schritten, von denen der erste <strong>darin besteht, die Anforderungen f\u00fcr die Stelle zu definieren<\/strong>. Sobald wir diese kennen, ver\u00f6ffentlichen wir die Stellenanzeige sowohl auf unserer Website als auch auf bekannten Jobportalen.<\/p>\n<p style=\"text-align: justify;\">Der n\u00e4chste Schritt ist die <strong>Entgegennahme von Bewerbungen und die Durchf\u00fchrung von Vorgespr\u00e4chen<\/strong> &#8211; per Telefon oder online. Die Kandidaten, die uns am meisten interessieren, erhalten eine Einladung zu einem regul\u00e4ren Vorstellungsgespr\u00e4ch. Dieses findet in Form eines Online- oder pers\u00f6nlichen Gespr\u00e4chs statt.<\/p>\n<p style=\"text-align: justify;\">Nach den Vorstellungsgespr\u00e4chen kann es eine <strong>technische Runde<\/strong> geben, muss es aber nicht. W\u00e4hrend der technischen Runde wirst du eine Aufgabe ausarbeiten, die wir dir angeben. Anhand dieser Aufgabe werden wir herausfinden, welche F\u00e4higkeiten du hast, wie du das Problem siehst und welche L\u00f6sungen du anbietest.<\/p>\n<p style=\"text-align: justify;\">Kurz gesagt, k\u00f6nnten wir den Auswahlprozess wie folgt beschreiben:<\/p>\n<ul>\n<li style=\"text-align: justify;\">Definition der F\u00e4higkeiten, die wir von einem Java-Entwickler verlangen,<\/li>\n<li style=\"text-align: justify;\">Ver\u00f6ffentlichung einer Anzeige,<\/li>\n<li style=\"text-align: justify;\">Bewerbungen von allen Bewerbern zu sammeln,<\/li>\n<li style=\"text-align: justify;\">\u00dcberpr\u00fcfung von Lebensl\u00e4ufen und Auswahl der besten Kandidaten,<\/li>\n<li style=\"text-align: justify;\">Pers\u00f6nliche oder Online-Interviews,<\/li>\n<li style=\"text-align: justify;\">technische Runde (optional),<\/li>\n<li style=\"text-align: justify;\">die Auswahl des besten Kandidaten.<\/li>\n<\/ul>\n","protected":false},"excerpt":{"rendered":"<p>Java-Entwickler Job &#8211; Bist du begeistert von Java und suchst neue Herausforderungen im Bereich Softwareentwicklung? Komm zu msg life Slovakia als Java-Entwickler und werde Teil eines Teams, das innovative L\u00f6sungen [&hellip;]<\/p>\n","protected":false},"author":32,"featured_media":0,"parent":13689,"menu_order":0,"comment_status":"closed","ping_status":"closed","template":"templates\/page-povolanie.php","meta":{"_acf_changed":false,"footnotes":""},"class_list":["post-22904","page","type-page","status-publish","hentry"],"acf":[],"aioseo_notices":[],"_links":{"self":[{"href":"https:\/\/performance-msg-life-sk.rucolabs.sk\/de\/wp-json\/wp\/v2\/pages\/22904","targetHints":{"allow":["GET"]}}],"collection":[{"href":"https:\/\/performance-msg-life-sk.rucolabs.sk\/de\/wp-json\/wp\/v2\/pages"}],"about":[{"href":"https:\/\/performance-msg-life-sk.rucolabs.sk\/de\/wp-json\/wp\/v2\/types\/page"}],"author":[{"embeddable":true,"href":"https:\/\/performance-msg-life-sk.rucolabs.sk\/de\/wp-json\/wp\/v2\/users\/32"}],"replies":[{"embeddable":true,"href":"https:\/\/performance-msg-life-sk.rucolabs.sk\/de\/wp-json\/wp\/v2\/comments?post=22904"}],"version-history":[{"count":5,"href":"https:\/\/performance-msg-life-sk.rucolabs.sk\/de\/wp-json\/wp\/v2\/pages\/22904\/revisions"}],"predecessor-version":[{"id":27322,"href":"https:\/\/performance-msg-life-sk.rucolabs.sk\/de\/wp-json\/wp\/v2\/pages\/22904\/revisions\/27322"}],"up":[{"embeddable":true,"href":"https:\/\/performance-msg-life-sk.rucolabs.sk\/de\/wp-json\/wp\/v2\/pages\/13689"}],"wp:attachment":[{"href":"https:\/\/performance-msg-life-sk.rucolabs.sk\/de\/wp-json\/wp\/v2\/media?parent=22904"}],"curies":[{"name":"wp","href":"https:\/\/api.w.org\/{rel}","templated":true}]}}