{"id":22869,"date":"2025-02-24T12:00:38","date_gmt":"2025-02-24T11:00:38","guid":{"rendered":"https:\/\/performance-msg-life-sk.rucolabs.sk\/?page_id=22869"},"modified":"2026-03-19T11:37:09","modified_gmt":"2026-03-19T10:37:09","slug":"tester","status":"publish","type":"page","link":"https:\/\/performance-msg-life-sk.rucolabs.sk\/de\/stellenangebote\/tester\/","title":{"rendered":"Tester"},"content":{"rendered":"<h2 id=\"ponuky-prace\">IT-Tester jobs<\/h2>\n<p>Interessierst du dich f\u00fcr die Welt der IT und hast du Leidenschaft f\u00fcr Details? <strong>Der Job als IT-Tester<\/strong> k\u00f6nnte die richtige Wahl f\u00fcr dich sein. In msg life Slovakia suchen wir talentierte Leute, die \u00fcber das n\u00f6tige Wissen und den Hintergrund verf\u00fcgen, um die Qualit\u00e4t der Software und Anwendungen zu sichern. Z\u00f6gere nicht, schicke uns deinen Lebenslauf und starte deine Karriere im IT-Bereich.<\/p>\n<p>Beim Testen geht es nicht nur darum, Fehler zu finden. Es geht darum <strong>Produktgestaltung<\/strong>, die das Leben der Benutzer verbessert. Heute sind die Jobangebote f\u00fcr SW-Tester vielf\u00e4ltig und bieten interessante M\u00f6glichkeiten f\u00fcr <strong>berufliches Wachstum und Entwicklung<\/strong>. Wir von msg life Slovakia suchen nach IT-Testern, die keine Angst vor herausfordernden Aufgaben haben, an interessanten Projekten arbeiten und sich st\u00e4ndig verbessern m\u00f6chten.<\/p>\n<p>msg life Slovakia hat <strong>mehr als 25 Jahre Erfahrung<\/strong> auf dem Gebiet der Digitalisierung und Modernisierung von Anwendungen und Technologieplattformen f\u00fcr Versicherungsexperten aus mehr als 30 L\u00e4ndern auf der ganzen Welt. Den IT-Software-Testern, Java-Entwicklern oder Software-Ingenieuren bieten wir Stabilit\u00e4t, eine interessante finanzielle Bewertung, attraktive Sozialleistungen und die M\u00f6glichkeit, im B\u00fcro oder von zu Hause aus zu arbeiten an. Es liegt an dir, ob du dich f\u00fcr eine Vollzeit-, Teilzeit- oder freiberufliche Stelle entscheiden.<\/p>\n<p>Bist du f\u00fcr eine neue Herausforderung bereit und willst du ein Teil eines dynamischen Teams sein? Z\u00f6gere nicht und <strong>entdecke die M\u00f6glichkeiten im IT-Testing heute<\/strong>!<\/p>\n<h2 id=\"popis-profesie\">IT-Tester &#8211; Stellenbeschreibung<\/h2>\n<p>Angesichts der zunehmenden Bedeutung von Qualit\u00e4tssoftware in allen Bereichen des Gesch\u00e4ftslebens ist die der Job eines IT-Testers in den letzten Jahren sehr popul\u00e4r geworden. In der Slowakei ist es dieser Tatsache zu verdanken, dass es <strong>viele Berufsm\u00f6glichkeiten<\/strong> gibt. Die Arbeitsgeber suchen nach Testern mit einer Vielzahl von F\u00e4higkeiten \u2013 von manuellen Tests bis hin zu automatisierten Prozessen. Viele Stellen konzentrieren sich auf Softwaretests. Du musst also Programmiersprachen beherrschen und mit den neuesten Technologien vertraut sein.<\/p>\n<p>Der Job als Software-Tester bei msg life Slovakia ist besonders attraktiv, denn du kannst <strong>viele Vorteile<\/strong> genie\u00dfen, darunter flexible Arbeitszeiten, Homeoffice oder hybride Arbeitsformen (du arbeitest von zu Hause und vom B\u00fcro aus). Das gibt dir viel Freiheit und erm\u00f6glicht es dir, deinen Tag ganz nach deinen W\u00fcnschen zu gestalten.<\/p>\n<p>Bei msg life Slovakia bieten wir dir mehrere M\u00f6glichkeiten an, deine Karriere zu starten oder auf die n\u00e4chste Stufe zu heben. Du kannst eine Position als IT-Tester w\u00e4hlen und das auf Vollzeit-, Teilzeit-, oder auf der freiberuflicher Basis, falls du freiberuflich t\u00e4tig bist. Wenn dir das Home Office nicht zusagt, in der Slowakei <strong>haben wir derzeit drei Filialen<\/strong>. Du entscheidest, ob du als IT-Tester Bratislava, Software-Tester Zilina oder Tester Kosice arbeiten willst.<\/p>\n<p>Durchsuche <strong>unsere offenen Jobangebote f\u00fcr IT-Tester<\/strong> und sieh, welche Vorteile oder welches Gehalt wir dir anbieten k\u00f6nnen. Probiere etwas Neues aus und arbeite an interessanten Projekten, bei denen du jeden Tag etwas Neues lernst und sich weiterentwickeln kannst.<\/p>\n<p><img loading=\"lazy\" decoding=\"async\" class=\"size-full wp-image-20935\" src=\"https:\/\/performance-msg-life-sk.rucolabs.sk\/wp-content\/uploads\/2025\/03\/profesia_PP_testovanie-6.webp\" alt=\"Eine junge IT-Testerin arbeitet am Computer mit einem Kollegen im msg-B\u00fcro\" width=\"1200\" height=\"630\" srcset=\"https:\/\/performance-msg-life-sk.rucolabs.sk\/wp-content\/uploads\/2025\/03\/profesia_PP_testovanie-6.webp 1200w, https:\/\/performance-msg-life-sk.rucolabs.sk\/wp-content\/uploads\/2025\/03\/profesia_PP_testovanie-6-300x158.webp 300w, https:\/\/performance-msg-life-sk.rucolabs.sk\/wp-content\/uploads\/2025\/03\/profesia_PP_testovanie-6-1024x538.webp 1024w, https:\/\/performance-msg-life-sk.rucolabs.sk\/wp-content\/uploads\/2025\/03\/profesia_PP_testovanie-6-768x403.webp 768w\" sizes=\"auto, (max-width: 1200px) 100vw, 1200px\" \/><\/p>\n<h2 id=\"poziadavky\">Anforderungen an den Tester &#8211; Voraussetzungen und Kenntnisse<\/h2>\n<p>Interessiert dich, was ein IT-Tester wissen sollte? Die Grundlagen sind <strong>technische F\u00e4higkeiten<\/strong> im Bereich Softwaretests, einschlie\u00dflich Kenntnissen \u00fcber verschiedene Testarten wie manuelle und automatisierte Tests. So kannst du deine Arbeit erledigen und selbst die gr\u00f6\u00dften Herausforderungen mit Leichtigkeit meistern.<\/p>\n<p>Es sollte dir nicht an <strong>Kenntnissen der Programmierung und der Grundlagen der Softwaretechnik<\/strong> fehlen, so dass das du effektiv mit Entwicklern zusammenarbeiten kannst. Die F\u00e4higkeit, Probleme zu analysieren und zu l\u00f6sen, ist ebenfalls von Vorteil. Beim Testen m\u00fcssen oft selbst kleinste Fehler entdeckt werden, f\u00fcr die du dann eine L\u00f6sung finden musst.<\/p>\n<p>Du brauchst aber nicht nur technisches Wissen. Auch andere F\u00e4higkeiten sind wichtig, zum Beispiel <strong>Kommunikationsf\u00e4higkeit<\/strong>. Wenn du Testergebnisse klar und effektiv kommunizieren und L\u00f6sungen vorschlagen kannst, stellen wir sicher, dass deine Kollegen dich auf Anhieb verstehen und es zu keinen Missverst\u00e4ndnissen kommt.<\/p>\n<p>Welche weiteren F\u00e4higkeiten solltest du haben, wenn dich die Stellen des IT-Testers in Bratislava, Software-Testers in Zilina oder SW-Testers in Kosice interessieren?<\/p>\n<ul>\n<li><strong>Analytisches Denken:<\/strong> Es wird dich in die Lage versetzen, Probleme in der Software zu identifizieren, zu bewerten und zu verstehen, L\u00f6sungen vorzuschlagen und deren Qualit\u00e4t zu verbessern.<\/li>\n<li><strong>Beherrschung von Testwerkzeugen:<\/strong> Eine wesentliche F\u00e4higkeit, um den Testprozess einfacher und effizienter zu gestalten und die Gesamtergebnisse zu verbessern.<\/li>\n<li><strong>F\u00e4higkeit, im Team zu arbeiten:<\/strong> Du wirst nicht allein an einzelnen Projekten arbeiten. Es ist daher wichtig, dass du wei\u00dft, wie du mit anderen zusammenarbeiten und kommunizieren kannst.<\/li>\n<li><strong>Organisatorische F\u00e4higkeiten:<\/strong> Sie helfen dir, deine Zeit und Aufgaben effektiv zu verwalten, damit du alles termingerecht erledigen kannst.<\/li>\n<li><strong>F\u00e4higkeit, effektiv auf Ver\u00e4nderungen zu reagieren:<\/strong> Die IT-Branche ver\u00e4ndert sich st\u00e4ndig. Du musst daher offen f\u00fcr Ver\u00e4nderungen sein und bereit, dich diesen anzupassen.<\/li>\n<\/ul>\n<p>Und vergiss nicht, dass sich die Technologie st\u00e4ndig weiterentwickelt. Deshalb ist es wichtig, dass <strong>du neue Trends verfolgst und lernst<\/strong>.<\/p>\n<p>Software-Tester, die f\u00fcr msg life Slovakia arbeiten, m\u00fcssen \u00fcber sehr gute Kommunikationsf\u00e4higkeiten in Deutsch verf\u00fcgen und <strong>die deutsche Sprache<\/strong> mindestens auf dem Niveau B2 beherrschen. Englischkenntnisse sind willkommen. Selbstverst\u00e4ndlich helfen wir dir gerne, deine Sprachkenntnisse zu verbessern, beispielsweise durch <strong>Sprachkurse<\/strong>.<\/p>\n<p>Die obigen Anforderungen sind allgemein. Jede Stelle ist einzigartig und <strong>erfordert eine andere Art von Wissen<\/strong>. Lese daher bitte die Anzeige sorgf\u00e4ltig durch, in der du alle Details findest.<\/p>\n<h2 id=\"napln-prace\">Stellenbeschreibung des Testers<\/h2>\n<p>Auf die Frage, was ein IT-Tester bei msg life Slovakia macht, gibt es nicht nur eine Antwort. Eine Person in dieser Position f\u00fchrt eine Vielzahl von Aufgaben aus, die entscheidend f\u00fcr die Software-Qualit\u00e4tssicherung sind. Zu den Hauptaufgaben geh\u00f6ren:<\/p>\n<ul>\n<li><strong>Testplanung:<\/strong> Analyse der Kundenanforderungen und Entwurf von Testszenarien.<\/li>\n<li><strong>Testen:<\/strong> Durchf\u00fchrung verschiedener Arten von Tests (manuell, automatisiert, funktional, Regression, Leistung und Sicherheit) und Identifizierung von Fehlern und Schwachstellen in Anwendungen.<\/li>\n<li><strong>Dokumentation:<\/strong> Erstellung einer Dokumentation mit allen wichtigen Informationen \u00fcber die Software, einschlie\u00dflich Fehlern und Problemen.<\/li>\n<li><strong>L\u00f6sungen und Vorschl\u00e4ge f\u00fcr Fehlerbehebungen:<\/strong> Pr\u00e4sentieren der Problemen dem Team und Vorschlag von Behebung und Verbesserung der Qualit\u00e4t.<\/li>\n<li><strong>Zusammenarbeit mit anderen Teammitgliedern:<\/strong> Koordination mit dem gesamten Team, um die Umsetzung der vorgeschlagenen L\u00f6sungen und das Erreichen gemeinsamer Ziele sicherzustellen.<\/li>\n<li><strong>Weitere Tests:<\/strong> erneutes Testen, um zu sehen, ob die Software alle notwendigen Anforderungen des SW-Testers erf\u00fcllt.<\/li>\n<\/ul>\n<p>Bei der Arbeit wirst du auch <b>Methoden des agilen Software-Managements<\/b> anwenden. Das hei\u00dft, dein gro\u00dfer Vorteil wird die F\u00e4higkeit sein, flexibel auf aktuelle Ver\u00e4nderungen zu reagieren, die Funktionalit\u00e4t von Systemen zu \u00fcberpr\u00fcfen und Testaktivit\u00e4ten je nach Situation und spezifischen Bed\u00fcrfnissen zu planen. Gleichzeitig unterst\u00fctzt du die Kunden sowohl im Testprozess als auch bei der Implementierung unserer Softwareprodukte.<\/p>\n<p>Der Job als IT-Tester kann je nach einer Reihe von Faktoren leicht variieren. Zun\u00e4chst einmal solltest du \u00fcberlegen, ob du ein Senior-Tester mit mehrj\u00e4hriger Erfahrung bist oder ein Junior, der gerade erst anf\u00e4ngt. Weiterhin ist da noch die Stelle selbst, die Aufgaben und die Arbeitsweise \u2013 ob im B\u00fcro oder von zu Hause aus. Heutzutage ist auch das sogenannte Hybridmodell beliebt, bei dem Arbeit im B\u00fcro und von zu Hause aus kombiniert wird. Diese Form der Besch\u00e4ftigung ist sehr flexibel und erm\u00f6glicht es dir, deine Arbeit nach deinen eigenen Pr\u00e4ferenzen zu gestalten.<\/p>\n<p>Die Aufgaben, an denen du gerade allein arbeitest kannst du z.B. zu Hause erledigen und f\u00fcr Teamprojekte oder Besprechungen ins B\u00fcro kommen. Auf diese Weise erreichst du <b>Work-Life-Balance<\/b>, was wiederum zu einer h\u00f6heren Produktivit\u00e4t und Arbeitszufriedenheit f\u00fchrt.<\/p>\n<p>Im Gegensatz zu Menschen, die ausschlie\u00dflich von zu Hause aus arbeiten, hast du als hybrider IT-Tester <b>Zugang zu einer Vielzahl moderner Technologien<\/b> und erh\u00e4ltst Unterst\u00fctzung von Kollegen. So kannst du st\u00e4ndig Neues lernen und unerwartete Probleme mit Entwicklern oder anderen Mitarbeitern besprechen. Ein weiterer Vorteil des hybriden Besch\u00e4ftigungsmodells ist, dass es f\u00fcr dich und das Unternehmen von Vorteil ist. Es erm\u00f6glicht dem Unternehmen, talentierte Tester von verschiedenen Standorten zu besch\u00e4ftigen, was die Vielfalt und Kreativit\u00e4t des Teams erh\u00f6ht.<\/p>\n<p>Die Arbeit bei msg life Slovakia ist immer interessant und herausfordernd, so dass du dir keine Sorgen um eine langweilige Routine machen musst. Du wirst mit anderen Kollegen an einzelnen Aufgaben arbeiten, dank dem du neues lernen wirst. Ein weiteres gro\u00dfes Plus ist, dass du in das gesamte Projekt eingebunden wirst, nicht nur in einen Teil davon. Du wirst auch an der \u00dcbergabe der Dokumentation an den Kunden oder der Pr\u00e4sentation des gesamten Projekts beteiligt sein.<\/p>\n<p><img loading=\"lazy\" decoding=\"async\" class=\"aligncenter size-full wp-image-20938\" src=\"https:\/\/performance-msg-life-sk.rucolabs.sk\/wp-content\/uploads\/2025\/03\/profesia_PP_testovanie-2.webp\" alt=\"Eine junge IT-Testerin arbeitet an ihrem Computer und l\u00e4chelt in die Kamera im msg-B\u00fcro\" width=\"1200\" height=\"630\" srcset=\"https:\/\/performance-msg-life-sk.rucolabs.sk\/wp-content\/uploads\/2025\/03\/profesia_PP_testovanie-2.webp 1200w, https:\/\/performance-msg-life-sk.rucolabs.sk\/wp-content\/uploads\/2025\/03\/profesia_PP_testovanie-2-300x158.webp 300w, https:\/\/performance-msg-life-sk.rucolabs.sk\/wp-content\/uploads\/2025\/03\/profesia_PP_testovanie-2-1024x538.webp 1024w, https:\/\/performance-msg-life-sk.rucolabs.sk\/wp-content\/uploads\/2025\/03\/profesia_PP_testovanie-2-768x403.webp 768w\" sizes=\"auto, (max-width: 1200px) 100vw, 1200px\" \/><\/p>\n<h2 id=\"plat-testera\" style=\"text-align: left;\">Das IT-Tester-Gehalt<\/h2>\n<p>Das Gehalt eines IT-Testers in Bratislava und in anderen St\u00e4dten kann unterschiedlich und <b>abh\u00e4ngig von verschiedenen Faktoren<\/b>, wie Erfahrung, F\u00e4higkeiten oder Art der T\u00e4tigkeit sein. Junior-SW-Testerdie nur wenig Erfahrung haben, k\u00f6nnen ein durchschnittliches Gehalt erwarten. Im Gegenteil, ein erfahrener Tester oder diejenigen, die sich auf automatisierte Tests spezialisiert haben, haben in der Regel den Monatsgehalt viel h\u00f6her.<\/p>\n<p>Das durchschnittliches IT-Tester-Gehalt ist jedoch in den meisten F\u00e4llen wettbewerbsf\u00e4hig im Vergleich zu anderen IT-Berufen. Der Grund daf\u00fcr ist <b>der wachsende Bedarf an qualifizierten Testern<\/b> und ihre Schl\u00fcsselrolle im Softwareentwicklungsprozess.<\/p>\n<p>Neben der Erfahrung und der Spezialisierung beeinflussen auch andere Faktoren das Gehalt. Dazu geh\u00f6ren die Gr\u00f6\u00dfe und Art des Unternehmens. Gr\u00f6\u00dfere Unternehmen bieten in der Regel attraktivere Geh\u00e4lter und Sozialleistungen, w\u00e4hrend kleinere Unternehmen flexiblere Arbeitsbedingungen haben.<\/p>\n<p>Die Geh\u00e4lter steigen weiter auch wegen dem Kampf der Unternehmen um qualifizierte Tester und dem Standort selbst. Bratislava ist ein Zentrum der technologischen Entwicklung und die Nachfrage nach wirklich guten IT-Testern ist immer noch gro\u00df. Die finanzielle Bewertung ist daher im Allgemeinen h\u00f6her als in anderen St\u00e4dten der Slowakei. Es sollte nicht vergessen werden, dass das daraus resultierende Monatsgehalt im Falle einer Vollzeit- oder Teilzeitbesch\u00e4ftigung des Tester anders ist als das Gehalt eines freiberuflichen Testers.<\/p>\n<p>Die IT-Tester k\u00f6nnen zus\u00e4tzlich zum Gehalt auch Boni nutzen. Besonders beliebt ist <b>der Einstiegsbonus<\/b>, den du f\u00fcr ausgew\u00e4hlte Positionen bei msg life Slovakia erh\u00e4ltst.<\/p>\n<p>Interessiert dich die genaue H\u00f6he des Gehalt eines Software-Testers? Unsere aktuellen Stellenangebote beinhalten das folgende Gehalt (wir geben das monatliche Bruttogehalt an):<\/p>\n<ul>\n<li><a href=\"https:\/\/performance-msg-life-sk.rucolabs.sk\/de\/stellenangebote\/\">Medior IT Software Tester<\/a> &#8211; von 1.900 \u20ac<\/li>\n<li><a href=\"https:\/\/performance-msg-life-sk.rucolabs.sk\/de\/stellenangebote\/\">Testautomatisierer \u2013 Spezialist<\/a> &#8211; ab 2.000 \u20ac<\/li>\n<\/ul>\n<p>Die konkrete H\u00f6he des Gehalts h\u00e4ngt immer von deiner Erfahrung und der gegenseitigen Vereinbarung ab.<\/p>\n<p>Bei msg life Slovakia bieten wir dir auch verschiedene <b>andere <\/b> <a href=\"https:\/\/performance-msg-life-sk.rucolabs.sk\/de\/mitarbeiter-benefits\/\"><b>Mitarbeiter Benefits<\/b><\/a> wie zum Beispiel:<\/p>\n<ul>\n<li>Belohnungen und Boni,<\/li>\n<li>Weihnachtspr\u00e4mie, die so hoch wie das monatliche Grundgehalt sein kann,<\/li>\n<li>gro\u00dfz\u00fcgiges Essensgeld,<\/li>\n<li>Hobbyzulage von 200 \u20ac pro Jahr,<\/li>\n<li>finanzielle Unterst\u00fctzung bei langfristiger krankheitsbedingter Abwesenheit,<\/li>\n<li>Schulungen und Kurse,<\/li>\n<li>Konferenzen und Workshops,<\/li>\n<li>Teambuilding,<\/li>\n<li>flexible Arbeitszeiten und vieles mehr.<\/li>\n<\/ul>\n<h2 id=\"vyberovy-proces\" style=\"text-align: left;\">Auswahlverfahren f\u00fcr IT-Tester bei msg life Slovakia<\/h2>\n<p>Der Auswahlprozess sieht in jedem Unternehmen anders aus. Bei msg life Slovakia beginnen wir damit, <strong>die Anforderungen zu definieren<\/strong>, die ein Kandidat f\u00fcr eine bestimmte Stelle als Tester erf\u00fcllen sollte. Zu diesen Anforderungen geh\u00f6ren insbesondere technische F\u00e4higkeiten und pers\u00f6nliche Voraussetzungen wie z. B. Kenntnisse \u00fcber bestimmte Technologien und Tools, Sprachkenntnisse sowie die F\u00e4higkeit, im Team zu arbeiten.<\/p>\n<p>Im n\u00e4chsten Schritt <strong>schreiben wir das Stellenangebot aus<\/strong> und nehmen die Bewerbungen der Bewerber entgegen. Hier spielt die Personalabteilung die wichtigste Rolle, denn die w\u00e4hlt auf der Grundlage aller Lebensl\u00e4ufe die am besten geeigneten Kandidaten aus. Diese werden kontaktiert und dann zu pers\u00f6nlichen oder Online-Interviews eingeladen.<\/p>\n<p>Das weitere Vorgehen h\u00e4ngt von der jeweiligen Stelle ab. In einigen F\u00e4llen findet nach dem Vorstellungsgespr\u00e4ch noch eine weitere Runde statt, die sogenannte <strong>technische Runde.<\/strong> W\u00e4hrend dieser bearbeiten die Bewerber eine Aufgabe, anhand derer wir feststellen, wer f\u00fcr uns am besten geeignet ist. Ihm bieten wir schlie\u00dflich eine Stelle als klassischer, hybrider oder Remote-IT-Tester an und vereinbaren weitere Details.<\/p>\n<p>Das Auswahlverfahren bei msg life Slovakia konnte wie folgt beschrieben werden:<\/p>\n<ul>\n<li>Festlegung der fachlichen F\u00e4higkeiten und pers\u00f6nlichen Eigenschaften, die der Bewerber besitzen muss.<\/li>\n<li>Ver\u00f6ffentlichung der Anzeige auf unserer Website und auf Jobportalen.<\/li>\n<li>Entgegennahme der Bewerbungen von interessierten Kandidaten und Auswahl der am besten geeigneten Kandidaten.<\/li>\n<li>Vorgespr\u00e4che per Telefon oder online mit den Kandidaten.<\/li>\n<li>Pers\u00f6nliche oder Online-Interviews mit dem Stelleninhaber.<\/li>\n<li>Eine technische Runde, in der die technische Kompetenz des Bewerbers festgestellt wird.<\/li>\n<li>Auswahl des am besten geeigneten Kandidaten auf der Grundlage aller gesammelten Informationen.<\/li>\n<li>Anbieten der Stelle dem am besten geeigneten Kandidaten und Vereinbarrung der Details.<\/li>\n<\/ul>\n","protected":false},"excerpt":{"rendered":"<p>IT-Tester jobs Interessierst du dich f\u00fcr die Welt der IT und hast du Leidenschaft f\u00fcr Details? Der Job als IT-Tester k\u00f6nnte die richtige Wahl f\u00fcr dich sein. In msg life [&hellip;]<\/p>\n","protected":false},"author":32,"featured_media":0,"parent":13689,"menu_order":0,"comment_status":"closed","ping_status":"closed","template":"templates\/page-povolanie.php","meta":{"_acf_changed":false,"footnotes":""},"class_list":["post-22869","page","type-page","status-publish","hentry"],"acf":[],"aioseo_notices":[],"_links":{"self":[{"href":"https:\/\/performance-msg-life-sk.rucolabs.sk\/de\/wp-json\/wp\/v2\/pages\/22869","targetHints":{"allow":["GET"]}}],"collection":[{"href":"https:\/\/performance-msg-life-sk.rucolabs.sk\/de\/wp-json\/wp\/v2\/pages"}],"about":[{"href":"https:\/\/performance-msg-life-sk.rucolabs.sk\/de\/wp-json\/wp\/v2\/types\/page"}],"author":[{"embeddable":true,"href":"https:\/\/performance-msg-life-sk.rucolabs.sk\/de\/wp-json\/wp\/v2\/users\/32"}],"replies":[{"embeddable":true,"href":"https:\/\/performance-msg-life-sk.rucolabs.sk\/de\/wp-json\/wp\/v2\/comments?post=22869"}],"version-history":[{"count":6,"href":"https:\/\/performance-msg-life-sk.rucolabs.sk\/de\/wp-json\/wp\/v2\/pages\/22869\/revisions"}],"predecessor-version":[{"id":27320,"href":"https:\/\/performance-msg-life-sk.rucolabs.sk\/de\/wp-json\/wp\/v2\/pages\/22869\/revisions\/27320"}],"up":[{"embeddable":true,"href":"https:\/\/performance-msg-life-sk.rucolabs.sk\/de\/wp-json\/wp\/v2\/pages\/13689"}],"wp:attachment":[{"href":"https:\/\/performance-msg-life-sk.rucolabs.sk\/de\/wp-json\/wp\/v2\/media?parent=22869"}],"curies":[{"name":"wp","href":"https:\/\/api.w.org\/{rel}","templated":true}]}}