{"id":13691,"date":"2020-10-08T10:34:43","date_gmt":"2020-10-08T08:34:43","guid":{"rendered":"https:\/\/msglife.testovacka.sk\/datenschutzbestimmungen\/"},"modified":"2026-03-26T11:43:07","modified_gmt":"2026-03-26T10:43:07","slug":"schutz-der-personlichen-daten","status":"publish","type":"page","link":"https:\/\/performance-msg-life-sk.rucolabs.sk\/de\/datenschutz\/","title":{"rendered":"Datenschutzrichtlinie der msg life Slovakia s.r.o."},"content":{"rendered":"<p class=\"p1\"><span dir=\"auto\" style=\"vertical-align: inherit;\"><span dir=\"auto\" style=\"vertical-align: inherit;\">Thank you for visiting this website and for your interest in msg life Slovakia sro. The protection of your personal data is just as important to us as providing the best possible comprehensive services for our customers.<\/span><\/span><\/p>\n<p class=\"p1\"><span dir=\"auto\" style=\"vertical-align: inherit;\"><span dir=\"auto\" style=\"vertical-align: inherit;\">The domain <\/span><\/span><a href=\"http:\/\/www.performance-msg-life-sk.rucolabs.sk\/de\"><span dir=\"auto\" style=\"vertical-align: inherit;\"><span dir=\"auto\" style=\"vertical-align: inherit;\">www.performance-msg-life-sk.rucolabs.sk<\/span><\/span><\/a><span dir=\"auto\" style=\"vertical-align: inherit;\"><span dir=\"auto\" style=\"vertical-align: inherit;\"> belongs to msg life Slovakia sro, a subsidiary of msg life central europe gmbh, which in turn is owned by msg life ag (hereinafter referred to as &#8222;msg life&#8220;). This privacy policy describes in detail what activities msg life carries out during your visit to the website, what information msg life is permitted to collect in accordance with applicable data protection laws, and how this information is processed.<\/span><\/span><\/p>\n<p class=\"p1\"><span dir=\"auto\" style=\"vertical-align: inherit;\"><span dir=\"auto\" style=\"vertical-align: inherit;\">Your personal data will be processed in accordance with Regulation (EU) 2016\/679 of the European Parliament and of the Council on the protection of natural persons with regard to the processing of personal data and on the free movement of such data (hereinafter \u201cGDPR\u201d) and Slovak Act No. 18\/2018 Coll. on the Protection of Personal Data and on Amendments and Supplements to Certain Acts (hereinafter \u201cData Protection Act\u201d).<\/span><\/span><\/p>\n<p class=\"p1\"><span dir=\"auto\" style=\"vertical-align: inherit;\"><span dir=\"auto\" style=\"vertical-align: inherit;\">All changes or additions to this privacy policy will be published on this page to inform you about what data msg life processes. Below you will find the most important categories of data protection information.<\/span><\/span><\/p>\n","protected":false},"excerpt":{"rendered":"<p>Vielen Dank f\u00fcr Ihren Besuch auf dieser Seite und Ihr Interesse an msg life Slovakia s.r.o. Der Schutz Ihrer pers\u00f6nlichen Daten ist f\u00fcr uns ebenso wichtig wie ein m\u00f6glichst umfassender Service f\u00fcr unsere Kunden.<\/p>\n","protected":false},"author":1,"featured_media":0,"parent":0,"menu_order":0,"comment_status":"closed","ping_status":"open","template":"templates\/page-zasady-ochrany.php","meta":{"_acf_changed":false,"footnotes":""},"class_list":["post-13691","page","type-page","status-publish","hentry"],"acf":[],"aioseo_notices":[],"_links":{"self":[{"href":"https:\/\/performance-msg-life-sk.rucolabs.sk\/de\/wp-json\/wp\/v2\/pages\/13691","targetHints":{"allow":["GET"]}}],"collection":[{"href":"https:\/\/performance-msg-life-sk.rucolabs.sk\/de\/wp-json\/wp\/v2\/pages"}],"about":[{"href":"https:\/\/performance-msg-life-sk.rucolabs.sk\/de\/wp-json\/wp\/v2\/types\/page"}],"author":[{"embeddable":true,"href":"https:\/\/performance-msg-life-sk.rucolabs.sk\/de\/wp-json\/wp\/v2\/users\/1"}],"replies":[{"embeddable":true,"href":"https:\/\/performance-msg-life-sk.rucolabs.sk\/de\/wp-json\/wp\/v2\/comments?post=13691"}],"version-history":[{"count":15,"href":"https:\/\/performance-msg-life-sk.rucolabs.sk\/de\/wp-json\/wp\/v2\/pages\/13691\/revisions"}],"predecessor-version":[{"id":27420,"href":"https:\/\/performance-msg-life-sk.rucolabs.sk\/de\/wp-json\/wp\/v2\/pages\/13691\/revisions\/27420"}],"wp:attachment":[{"href":"https:\/\/performance-msg-life-sk.rucolabs.sk\/de\/wp-json\/wp\/v2\/media?parent=13691"}],"curies":[{"name":"wp","href":"https:\/\/api.w.org\/{rel}","templated":true}]}}