{"id":13689,"date":"2020-10-08T15:25:44","date_gmt":"2020-10-08T13:25:44","guid":{"rendered":"https:\/\/msglife.testovacka.sk\/karriere\/jobangebote\/"},"modified":"2025-05-12T16:40:44","modified_gmt":"2025-05-12T14:40:44","slug":"stellenangebote","status":"publish","type":"page","link":"https:\/\/performance-msg-life-sk.rucolabs.sk\/de\/stellenangebote\/","title":{"rendered":"Stellenangebote"},"content":{"rendered":"<p>Zu den aktuellen Stellenangeboten geh\u00f6ren auch interessante Projekte, innovative Themen, attraktive Sozialleistungen und ein echter Teamgeist. Entscheiden Sie sich f\u00fcr eines unserer Jobangebote und profitieren Sie von gro\u00dfz\u00fcgigen Sozialleistungen und Weiterbildungsm\u00f6glichkeiten.<\/p>\n","protected":false},"excerpt":{"rendered":"<p>Zu den aktuellen Stellenangeboten geh\u00f6ren auch interessante Projekte, innovative Themen, attraktive Sozialleistungen und ein echter Teamgeist. Entscheiden Sie sich f\u00fcr eines unserer Jobangebote und profitieren Sie von gro\u00dfz\u00fcgigen Sozialleistungen und [&hellip;]<\/p>\n","protected":false},"author":1,"featured_media":0,"parent":0,"menu_order":0,"comment_status":"closed","ping_status":"closed","template":"templates\/page-pracovne-ponuky.php","meta":{"_acf_changed":false,"footnotes":""},"class_list":["post-13689","page","type-page","status-publish","hentry"],"acf":[],"aioseo_notices":[],"_links":{"self":[{"href":"https:\/\/performance-msg-life-sk.rucolabs.sk\/de\/wp-json\/wp\/v2\/pages\/13689","targetHints":{"allow":["GET"]}}],"collection":[{"href":"https:\/\/performance-msg-life-sk.rucolabs.sk\/de\/wp-json\/wp\/v2\/pages"}],"about":[{"href":"https:\/\/performance-msg-life-sk.rucolabs.sk\/de\/wp-json\/wp\/v2\/types\/page"}],"author":[{"embeddable":true,"href":"https:\/\/performance-msg-life-sk.rucolabs.sk\/de\/wp-json\/wp\/v2\/users\/1"}],"replies":[{"embeddable":true,"href":"https:\/\/performance-msg-life-sk.rucolabs.sk\/de\/wp-json\/wp\/v2\/comments?post=13689"}],"version-history":[{"count":14,"href":"https:\/\/performance-msg-life-sk.rucolabs.sk\/de\/wp-json\/wp\/v2\/pages\/13689\/revisions"}],"predecessor-version":[{"id":22385,"href":"https:\/\/performance-msg-life-sk.rucolabs.sk\/de\/wp-json\/wp\/v2\/pages\/13689\/revisions\/22385"}],"wp:attachment":[{"href":"https:\/\/performance-msg-life-sk.rucolabs.sk\/de\/wp-json\/wp\/v2\/media?parent=13689"}],"curies":[{"name":"wp","href":"https:\/\/api.w.org\/{rel}","templated":true}]}}