{"id":13687,"date":"2020-11-10T13:56:46","date_gmt":"2020-11-10T12:56:46","guid":{"rendered":"https:\/\/msglife.testovacka.sk\/impressum\/"},"modified":"2026-03-30T11:40:04","modified_gmt":"2026-03-30T09:40:04","slug":"impressum","status":"publish","type":"page","link":"https:\/\/performance-msg-life-sk.rucolabs.sk\/de\/impressum\/","title":{"rendered":"Impressum"},"content":{"rendered":"<h1 class=\"p1\">Rechtliche Informationen<\/h1>\n<p class=\"p2\"><b>Firmensitz:<br \/>\n<\/b>msg life Slovakia s.r.o.<br \/>\nHrani\u010dn\u00e1 18<br \/>\n821 05 Bratislava<br \/>\nSlowakei<\/p>\n<p class=\"p2\"><b>Niederlassung Ko\u0161ice:<br \/>\n<\/b>msg life Slovakia s.r.o.<br \/>\nWerferova 1<br \/>\n040 11 Ko\u0161ice<br \/>\nSlowakei<\/p>\n<p class=\"p2\"><b>Niederlassung \u017dilina:<br \/>\n<\/b>msg life Slovakia s.r.o.<br \/>\ngeb\u00e4ude Europalace<br \/>\nVysoko\u0161kol\u00e1kov 8556\/33B<br \/>\n010 08 \u017dilina<br \/>\nSlowakei<\/p>\n<p class=\"p2\"><b>Kontaktdaten:<\/b><br \/>\nTelefon: +421 2 322 21 270<br \/>\nE-mail: <a href=\"mailto:info.sk@msg.group\">info.sk@msg.group<\/a><br \/>\nWeb: <a href=\"https:\/\/www.performance-msg-life-sk.rucolabs.sk\">www.performance-msg-life-sk.rucolabs.sk<\/a><br \/>\n<a href=\"www.msg-insurance-suite.com\" target=\"_blank\" rel=\"noopener\">www.msg-insurance-suite.com<\/a><br \/>\n<a href=\"https:\/\/www.msg.group\/en\" target=\"_blank\" rel=\"noopener\">www.msg.group\/en<\/a><\/p>\n<p class=\"p2\"><b>Rechnungsdaten:<\/b><br \/>\nFirmen-ID: 35 800 780<br \/>\nSteuernummer: 2020223755<br \/>\nUSt-IdNr.: SK2020223755<br \/>\nBank: Unicredit Bank Czech Republic and Slovakia, a.s., \u0160ancov\u00e1 1\/A, 813 33 Bratislava<br \/>\nIBAN: SK30 1111 0000 0010 0951 0001<br \/>\nBIC: UNCRSKBX<\/p>\n<p class=\"p4\">Die Gesellschaft ist im Handelsregister des Stadtgerichts Bratislava III, Abteil Sro, Einlage Nr. 22942\/B eingetragen. Vertreten durch die Gesch\u00e4ftsf\u00fchrer Herrn Milan Patassy und Herrn Michal Zachar.<\/p>\n<p class=\"p4\">Auszug aus dem Handelsregister: <a href=\"https:\/\/www.orsr.sk\/vypis.asp?ID=30404&amp;SID=2&amp;P=0\" target=\"_blank\" rel=\"nofollow noopener\">https:\/\/www.orsr.sk\/vypis.asp?ID=30404&amp;SID=2&amp;P=0<\/a><\/p>\n<h2 class=\"p5\">Urheberrechte<\/h2>\n<p class=\"p4\">\u00a9 2026 msg life Slovakia<\/p>\n<p class=\"p4\">Alle Rechte vorbehalten. Der gesamte Inhalt der Webseiten von msg life Slovakia s.r.o., einschlie\u00dflich Bilder und Layout, ist urheberrechtlich gesch\u00fctzt. Die Vervielf\u00e4ltigung von Informationen, Daten, Bildern usw. sowie insbesondere die kommerzielle Nutzung von Texten, Textteilen oder Bildern ist ohne vorherige schriftliche Zustimmung von msg life Slovakia s.r.o. nicht gestattet. Der Inhalt der Webseiten von msg life Slovakia s.r.o., einschlie\u00dflich Rahmen, direkter Links usw., darf nicht ver\u00e4ndert oder erweitert werden.<\/p>\n<h2 class=\"p5\">Haftungsausschluss und Gew\u00e4hrleistung<\/h2>\n<p class=\"p4\">msg life Slovakia s.r.o. pr\u00fcft die im Internet ver\u00f6ffentlichten Informationen sorgf\u00e4ltig und aktualisiert sie regelm\u00e4\u00dfig. Dennoch kann keine vollst\u00e4ndige Fehlerfreiheit des gesamten Inhalts garantiert werden. Daher \u00fcbernimmt msg life Slovakia s.r.o. keine Haftung und gibt keine Gew\u00e4hrleistung f\u00fcr die Vollst\u00e4ndigkeit, Richtigkeit und Aktualit\u00e4t der ver\u00f6ffentlichten Daten und Informationen. msg life Slovakia s.r.o. \u00fcbernimmt keine Haftung und gibt keine Gew\u00e4hrleistung f\u00fcr Aussagen zur zuk\u00fcnftigen Entwicklung, da diese auf \u00dcberzeugungen und Sch\u00e4tzungen des Managements von msg life Slovakia s.r.o. beruhen und daher Risiken und Unsicherheiten beinhalten.<\/p>\n<p class=\"p4\">Der Haftungsausschluss und die Gew\u00e4hrleistung gelten auch f\u00fcr alle Weblinks, die direkt oder indirekt auf den Webseiten von msg life Slovakia s.r.o. enthalten sind. msg life Slovakia s.r.o. ist nicht verantwortlich f\u00fcr den Inhalt dieser Webseiten.<\/p>\n<p class=\"p4\">msg life Slovakia s.r.o. beh\u00e4lt sich das Recht vor, die ver\u00f6ffentlichten Informationen ohne vorherige Ank\u00fcndigung zu \u00e4ndern oder zu erg\u00e4nzen.<\/p>\n<h2 class=\"p5\">Hinweis zur Sprache<\/h2>\n<p class=\"p4\">\u00dcberall dort, wo die m\u00e4nnliche Form als universelle grammatikalische Form verwendet wurde, geschah dies ausschlie\u00dflich zur besseren Lesbarkeit. Es sind stets Personen beider Geschlechter gemeint.<\/p>\n","protected":false},"excerpt":{"rendered":"<p>Rechtliche Informationen Firmensitz: msg life Slovakia s.r.o. Hrani\u010dn\u00e1 18 821 05 Bratislava Slowakei Niederlassung Ko\u0161ice: msg life Slovakia s.r.o. Werferova 1 040 11 Ko\u0161ice Slowakei Niederlassung \u017dilina: msg life Slovakia [&hellip;]<\/p>\n","protected":false},"author":1,"featured_media":0,"parent":0,"menu_order":0,"comment_status":"closed","ping_status":"closed","template":"","meta":{"_acf_changed":false,"footnotes":""},"class_list":["post-13687","page","type-page","status-publish","hentry"],"acf":[],"aioseo_notices":[],"_links":{"self":[{"href":"https:\/\/performance-msg-life-sk.rucolabs.sk\/de\/wp-json\/wp\/v2\/pages\/13687","targetHints":{"allow":["GET"]}}],"collection":[{"href":"https:\/\/performance-msg-life-sk.rucolabs.sk\/de\/wp-json\/wp\/v2\/pages"}],"about":[{"href":"https:\/\/performance-msg-life-sk.rucolabs.sk\/de\/wp-json\/wp\/v2\/types\/page"}],"author":[{"embeddable":true,"href":"https:\/\/performance-msg-life-sk.rucolabs.sk\/de\/wp-json\/wp\/v2\/users\/1"}],"replies":[{"embeddable":true,"href":"https:\/\/performance-msg-life-sk.rucolabs.sk\/de\/wp-json\/wp\/v2\/comments?post=13687"}],"version-history":[{"count":10,"href":"https:\/\/performance-msg-life-sk.rucolabs.sk\/de\/wp-json\/wp\/v2\/pages\/13687\/revisions"}],"predecessor-version":[{"id":27462,"href":"https:\/\/performance-msg-life-sk.rucolabs.sk\/de\/wp-json\/wp\/v2\/pages\/13687\/revisions\/27462"}],"wp:attachment":[{"href":"https:\/\/performance-msg-life-sk.rucolabs.sk\/de\/wp-json\/wp\/v2\/media?parent=13687"}],"curies":[{"name":"wp","href":"https:\/\/api.w.org\/{rel}","templated":true}]}}