{"id":13675,"date":"2023-08-17T11:47:40","date_gmt":"2023-08-17T09:47:40","guid":{"rendered":"https:\/\/msglife.testovacka.sk\/wir-verwenden-cookies-auf-unserer-website\/"},"modified":"2025-01-10T15:55:37","modified_gmt":"2025-01-10T14:55:37","slug":"wir-verwenden-cookies-auf-unserer-website","status":"publish","type":"page","link":"https:\/\/performance-msg-life-sk.rucolabs.sk\/de\/cookies\/","title":{"rendered":"Cookie-Richtlinie"},"content":{"rendered":"<h1>Cookie-Richtlinie<\/h1>\n<h3>Was sind Cookies:<\/h3>\n<p>Ein Cookie ist eine kleine Textdatei, die Websites auf Ihrem PC, Telefon oder einem anderen Ger\u00e4t speichern und die Informationen \u00fcber Ihre Aktivit\u00e4ten auf dieser Website enth\u00e4lt. Cookies erm\u00f6glichen und erleichtern das Surfen.<\/p>\n<p>Ziel dieser Informationen ist es, Sie dar\u00fcber zu informieren, welche personenbezogenen Daten wir in Form von Cookies verarbeiten, wie wir sie behandeln, f\u00fcr welche Zwecke wir sie verwenden, wem wir sie zur Verf\u00fcgung stellen k\u00f6nnen und wo Sie Auskunft \u00fcber Ihre personenbezogenen Daten erhalten k\u00f6nnen Daten und Aus\u00fcbung Ihrer Rechte bei der Verarbeitung personenbezogener Daten.<\/p>\n<h3>Identifikations- und Kontaktdaten:<\/h3>\n<p>Der Betreiber, der Cookies verarbeitet, ist das Unternehmen msg life Slowakei, s.r.o., Hrani\u010dn\u00e1 18, 821 05 Bratislava, Company ID: 35800780, gdpr.sk@msg.group (im Folgenden \u201eBetreiber&#8220; genannt).<\/p>\n<h2>1. Verwendung von Cookies<\/h2>\n<ul>\n<li><em><strong>Wie wir Cookies verwenden:<\/strong><\/em><\/li>\n<\/ul>\n<p>Der Betreiber verarbeitet alle Cookies auf Grundlage von Art. 6 Par. 1 Buchstabe a) Verordnung (EU) 2016\/679 des Europ\u00e4ischen Parlaments und des Rates vom 27. April 2016 zum Schutz nat\u00fcrlicher Personen bei der Verarbeitung personenbezogener Daten und zum freien Datenverkehr, mit der die Richtlinie 95\/46\/EG aufgehoben wird (Datenschutz-Grundverordnung) (im Folgenden nur \u201eVerordnung&#8220;).<\/p>\n<p>Der Betreiber verwendet verschiedene Arten von Cookies und gruppiert diese auf seiner Website in die folgenden Kategorien (f\u00fcr folgende Zwecke):<\/p>\n<p><em><strong>A. <u>Notwendige Cookies (zwingend f\u00fcr die ordnungsgem\u00e4\u00dfe Funktion der Website)<\/u><\/strong><\/em><\/p>\n<p>Diese Cookies sind f\u00fcr das ordnungsgem\u00e4\u00dfe Funktionieren der Website unerl\u00e4sslich. Ohne sie w\u00e4re es praktisch unm\u00f6glich, Webseiten korrekt zu laden.<\/p>\n<p><b>Umfang der verarbeiteten essenziellen Cookies:<\/b> eindeutige Einwilligungskennung, Einwilligungsstatus, Datum und Uhrzeit der Einwilligung.<\/p>\n<div class=\"concise-table-overflow\">\n<table class=\"concise-table\">\n<colgroup>\n<col style=\"width: 80px;\" \/>\n<col style=\"width: 300px;\" \/>\n<col style=\"width: 80px;\" \/>\n<col style=\"width: 80px;\" \/> <\/colgroup>\n<thead>\n<tr>\n<th>Cookie-Name<\/th>\n<th>Beschreibung<\/th>\n<th>Anbieter<\/th>\n<th>Speicherdauer<\/th>\n<\/tr>\n<\/thead>\n<tbody>\n<tr>\n<td><b>consent<\/b><\/td>\n<td>Speichert Informationen \u00fcber die Einwilligung des Nutzers zur Verarbeitung von Cookies.<\/td>\n<td>Consent<\/td>\n<td>w\u00e4hrend der Sitzung<\/td>\n<\/tr>\n<tr>\n<td><b>functionality_storage<\/b><\/td>\n<td>Speichert den Einwilligungsstatus f\u00fcr funktionale Cookies.<\/td>\n<td>Google Consent<\/td>\n<td>w\u00e4hrend der Sitzung<\/td>\n<\/tr>\n<tr>\n<td><b>personalization_storage<\/b><\/td>\n<td>Erm\u00f6glicht die Speicherung im Zusammenhang mit Personalisierung, wie z. B. Videoempfehlungen.<\/td>\n<td>Google Consent<\/td>\n<td>w\u00e4hrend der Sitzung<\/td>\n<\/tr>\n<tr>\n<td><b>analytics_storage<\/b><\/td>\n<td>Speichert den Einwilligungsstatus f\u00fcr analytische Cookies.<\/td>\n<td>Google Consent<\/td>\n<td>w\u00e4hrend der Sitzung<\/td>\n<\/tr>\n<tr>\n<td><b>ad_storage<\/b><\/td>\n<td>Speichert den Einwilligungsstatus f\u00fcr Marketing-Cookies.<\/td>\n<td>Google Consent<\/td>\n<td>w\u00e4hrend der Sitzung<\/td>\n<\/tr>\n<tr>\n<td><b>ad_personalization<\/b><\/td>\n<td>Speichert den Einwilligungsstatus f\u00fcr personalisierte Werbung.<\/td>\n<td>Google Consent<\/td>\n<td>w\u00e4hrend der Sitzung<\/td>\n<\/tr>\n<tr>\n<td><b>ad_user_data<\/b><\/td>\n<td>Speichert den Einwilligungsstatus f\u00fcr die Bereitstellung von Nutzerdaten zu Zwecken der Online-Werbung.<\/td>\n<td>Google Consent<\/td>\n<td>w\u00e4hrend der Sitzung<\/td>\n<\/tr>\n<tr>\n<td><b>wp-wpml_current_language<\/b><\/td>\n<td>Dieser Name bezieht sich auf ein Cookie, das Informationen \u00fcber die aktuell vom Nutzer auf der Website ausgew\u00e4hlte Sprache speichert.<\/td>\n<td><\/td>\n<td>w\u00e4hrend der Sitzung<\/td>\n<\/tr>\n<\/tbody>\n<\/table>\n<\/div>\n<p><em><strong>B. <u>Funktionelle Cookies<\/u><\/strong><\/em><\/p>\n<p>Diese Cookies erm\u00f6glichen den Website-Besuchern mehr Funktionalit\u00e4t. Sie k\u00f6nnen vom Betreiber oder seinen Dritten festgelegt werden.<\/p>\n<p><b>Umfang der verarbeiteten funktionalen Cookies:<\/b> eindeutige Kennung, Sprachcode, Seiteneinstellungen, Zeitstempel der Anzeige des Modalfensters (Pop-up), Videopersonalisierung.<\/p>\n<div class=\"concise-table-overflow\">\n<table class=\"concise-table\">\n<colgroup>\n<col style=\"width: 80px;\" \/>\n<col style=\"width: 300px;\" \/>\n<col style=\"width: 80px;\" \/>\n<col style=\"width: 80px;\" \/> <\/colgroup>\n<thead>\n<tr>\n<th>Cookie-Name<\/th>\n<th>Beschreibung<\/th>\n<th>Anbieter<\/th>\n<th>Speicherdauer<\/th>\n<\/tr>\n<\/thead>\n<tbody>\n<tr>\n<td><b>bonus-popup-time<\/b><\/td>\n<td>Diese Eintr\u00e4ge werden ausschlie\u00dflich zur Anzeige des Modalfensters verwendet; sie werden nicht an Google Analytics \u00fcbermittelt und nicht zum Tracking genutzt, sondern lediglich zur Bewertung, ob das Modalfenster angezeigt werden soll.<\/td>\n<td>Individuell<\/td>\n<td>w\u00e4hrend der Sitzung<\/td>\n<\/tr>\n<tr>\n<td><b>bonus-popup-new-time<\/b><\/td>\n<td>Diese Eintr\u00e4ge werden ausschlie\u00dflich zur Anzeige des Modalfensters verwendet; sie werden nicht an Google Analytics \u00fcbermittelt und nicht zum Tracking genutzt, sondern lediglich zur Bewertung, ob das Modalfenster angezeigt werden soll.<\/td>\n<td>Individuell<\/td>\n<td>w\u00e4hrend der Sitzung<\/td>\n<\/tr>\n<tr>\n<td><b>ip_group<\/b><\/td>\n<td>Diese Eintr\u00e4ge werden ausschlie\u00dflich zur Anzeige des Modalfensters verwendet; sie werden nicht an Google Analytics \u00fcbermittelt und nicht zum Tracking genutzt, sondern lediglich zur Bewertung, ob das Modalfenster angezeigt werden soll.<\/td>\n<td>Individuell<\/td>\n<td>w\u00e4hrend der Sitzung<\/td>\n<\/tr>\n<\/tbody>\n<\/table>\n<\/div>\n<p><em><strong>C. <u>Analytische oder statistische Cookies<\/u><\/strong><\/em><\/p>\n<p>Diese Cookies erm\u00f6glichen es, die allgemeine Nutzung der Website durch Benutzer zu analysieren, um die Leistung zu bewerten und zu verbessern. Sie stellen beispielsweise Informationen dar\u00fcber bereit, wie die Website genutzt wird, und helfen bei der Durchf\u00fchrung von Werbeaktionen oder Umfragen, die der Betreiber anbietet.<\/p>\n<p><b>Umfang der verarbeiteten analytischen Cookies:<\/b> eindeutige Kennung; Standort \u2013 Land (Geolokalisierung); Unterscheidung zwischen wiederkehrenden und neuen Nutzern; durchschnittliche Verweildauer auf der Website; Bildschirmaufl\u00f6sung des Nutzerger\u00e4ts; Betriebssystem des Nutzerger\u00e4ts; Ger\u00e4tetyp des Nutzers; Webbrowsertyp des Nutzerger\u00e4ts; Sprache der besuchten Seite.<\/p>\n<p>Diese spezifischen Informationen (wie Ihre Geolokalisierung, Ihr Ger\u00e4tetyp usw.) werden im Hintergrund von Analysetools (z. B. Google Analytics) verarbeitet und vom Website-Betreiber zur Erstellung anonymer Statistiken verwendet. Sie sind nicht f\u00fcr die \u00f6ffentliche Anzeige bestimmt<b>.<\/b><\/p>\n<div class=\"concise-table-overflow\">\n<table class=\"concise-table\">\n<colgroup>\n<col style=\"width: 80px;\" \/>\n<col style=\"width: 300px;\" \/>\n<col style=\"width: 80px;\" \/>\n<col style=\"width: 80px;\" \/> <\/colgroup>\n<thead>\n<tr>\n<th>Cookie-Name<\/th>\n<th>Beschreibung<\/th>\n<th>Anbieter<\/th>\n<th>Speicherdauer<\/th>\n<\/tr>\n<\/thead>\n<tbody>\n<tr>\n<td><b>_clck<\/b><\/td>\n<td>Analyse des Nutzerverhaltens mithilfe von Microsoft Clarity (z. B. Klicks, Mausbewegungen, Navigation).<\/td>\n<td>Microsoft Clarity<\/td>\n<td>1 Jahr<\/td>\n<\/tr>\n<tr>\n<td><b>_clsk<\/b><\/td>\n<td>Analyse des Nutzerverhaltens mithilfe von Microsoft Clarity (z. B. Klicks, Mausbewegungen, Navigation).<\/td>\n<td>Microsoft Clarity<\/td>\n<td>24 Stunden<\/td>\n<\/tr>\n<tr>\n<td><b>_ga<\/b><\/td>\n<td>Google Analytics-Cookies. Sie verfolgen den Nutzerverkehr und das Verhalten auf der Website.<\/td>\n<td>Google Analytics<\/td>\n<td>2 Jahre<\/td>\n<\/tr>\n<tr>\n<td><b>_ga_JR9SBDSG4Y<\/b><\/td>\n<td>Google Analytics-Cookies. Sie verfolgen den Nutzerverkehr und das Verhalten auf der Website.<\/td>\n<td>Google Analytics<\/td>\n<td>2 Jahre<\/td>\n<\/tr>\n<tr>\n<td><b>_ga_PSW1MY7HB4<\/b><\/td>\n<td>Google Analytics-Cookies. Sie verfolgen den Nutzerverkehr und das Verhalten auf der Website.<\/td>\n<td>Google Analytics<\/td>\n<td>2 Jahre<\/td>\n<\/tr>\n<tr>\n<td><b>_gtmeec<\/b><\/td>\n<td>Google Tag Manager.<\/td>\n<td>GTM<\/td>\n<td>3 Monate<\/td>\n<\/tr>\n<\/tbody>\n<\/table>\n<\/div>\n<p><em><strong>D. <u>Marketing-Cookies<\/u><\/strong><\/em><\/p>\n<p>Diese Cookies sammeln Informationen aus Marketingsicht. Sie tragen dazu bei, die Marketingkampagne durch die gew\u00e4hrten Pr\u00e4ferenzen gezielter auszurichten. Sie speichern auch Daten \u00fcber die Anzahl der Besucher, die die ver\u00f6ffentlichten Anzeigen und Kampagnen des Betreibers gesehen oder angeklickt haben, damit der Betreiber seine Werbekampagnen bei Bedarf optimieren kann.<\/p>\n<p><b>Umfang der verarbeiteten Marketing-Cookies:<\/b> eindeutige Kennung; Informationen, die f\u00fcr personalisierte Werbung erforderlich sind.<\/p>\n<div class=\"concise-table-overflow\">\n<table class=\"concise-table\">\n<colgroup>\n<col style=\"width: 80px;\" \/>\n<col style=\"width: 300px;\" \/>\n<col style=\"width: 80px;\" \/>\n<col style=\"width: 80px;\" \/> <\/colgroup>\n<thead>\n<tr>\n<th>Cookie-Name<\/th>\n<th>Beschreibung<\/th>\n<th>Anbieter<\/th>\n<th>Speicherdauer<\/th>\n<\/tr>\n<\/thead>\n<tbody>\n<tr>\n<td><b>FPAU<\/b><\/td>\n<td>Sie identifizieren einen bestimmten Nutzer oder ein bestimmtes Ger\u00e4t.<\/td>\n<td>Google Ads<\/td>\n<td>3 Monate<\/td>\n<\/tr>\n<tr>\n<td><b>FPGSID<\/b><\/td>\n<td>Sie identifizieren einen bestimmten Nutzer oder ein bestimmtes Ger\u00e4t.<\/td>\n<td>Google Ads<\/td>\n<td>30 Minuten<\/td>\n<\/tr>\n<tr>\n<td><b>FPID<\/b><\/td>\n<td>Sie identifizieren einen bestimmten Nutzer oder ein bestimmtes Ger\u00e4t.<\/td>\n<td>Google Ads<\/td>\n<td>2 Jahre<\/td>\n<\/tr>\n<tr>\n<td><b>FPLC<\/b><\/td>\n<td>Sie identifizieren einen bestimmten Nutzer oder ein bestimmtes Ger\u00e4t.<\/td>\n<td>Google Ads<\/td>\n<td>20 Stunden<\/td>\n<\/tr>\n<tr>\n<td><b>_fbp<\/b><\/td>\n<td>Facebook Pixel cookie.<\/td>\n<td>Facebook<\/td>\n<td>3 Monate<\/td>\n<\/tr>\n<\/tbody>\n<\/table>\n<\/div>\n<h3>Identifizierung der betroffenen Personen bei der Verarbeitung von Cookies:<\/h3>\n<p>Betroffene Personen, deren personenbezogene Daten in Form von Cookies verarbeitet werden, sind: Benutzer, die die Website des Betreibers besuchen.<\/p>\n<h3>Identifizierung der Beg\u00fcnstigten, Kategorien von Beg\u00fcnstigten:<\/h3>\n<p>Der Betreiber kann personenbezogene Daten an berechtigte Stellen wie Institutionen und Organisationen, deren Verarbeitung durch eine besondere gesetzliche Regelung zul\u00e4ssig ist, oder an Vertragspartner (insbesondere Vermittler), die sich vertraglich verpflichtet haben, angemessene Garantien zur Wahrung des Schutzes der verarbeiteten personenbezogenen Daten zu \u00fcbernehmen, wie folgt weitergeben:<\/p>\n<ul>\n<li><b>Google Ireland Limited<\/b>, Gordon House, Barrow Street, Dublin 4, Ireland (for services Google Analytics, Google Ads, Google Consent Mode).<\/li>\n<li><b>Microsoft Ireland Operations Limited<\/b>, One Microsoft Place, South County Business Park, Leopardstown, Dublin 18, Ireland (for services Microsoft Clarity).<\/li>\n<li><b>Meta Platforms Ireland Limited<\/b>, 4 Grand Canal Square, Grand Canal Harbour, Dublin 2, Ireland (for services Facebook Pixel).<\/li>\n<\/ul>\n<p>Mit Ihrer Einwilligung oder auf Ihren Befehl hin kann der Betreiber personenbezogene Daten an andere Empf\u00e4nger weitergeben.<\/p>\n<h3>\u00dcbermittlung von Cookies an ein Drittland\/eine internationale Organisation:<\/h3>\n<p>Die \u00dcbermittlung personenbezogener Daten aus Cookies kann in Drittl\u00e4nder wie die Vereinigten Staaten von Amerika erfolgen, insbesondere im Zusammenhang mit der Nutzung von Diensten der Unternehmen Google LLC, Microsoft Corporation und Meta Platforms, Inc. Die \u00dcbermittlung erfolgt gem\u00e4\u00df Art. 45 Abs. 1 auf Grundlage des Angemessenheitsbeschlusses des EU\u2013U.S. Data Privacy Frameworks, dem die Unternehmen Google LLC, 1600 Amphitheatre Parkway, Mountain View, CA 94043, USA; Microsoft Corporation, One Microsoft Way, Redmond, WA 98052, USA und Meta Platforms, Inc., 1 Meta Way, Menlo Park, CA 94025, USA angeh\u00f6ren.<\/p>\n<h3>Angabe der Quelle, von der die Cookies bezogen wurden:<\/h3>\n<p>Direkt von der betroffenen Person (durch Einwilligung beim Besuch der Website).<\/p>\n<h3>Was ist die Aufbewahrungsfrist:<\/h3>\n<p>Der Verantwortliche verarbeitet personenbezogene Daten aus Cookies f\u00fcr einen Zeitraum von maximal 24 Monaten ab dem Zeitpunkt der Einwilligung. Je nach Art des Cookies kann die Verarbeitungsdauer variieren, wie in den obigen Tabellen angegeben.<\/p>\n<h3>Profiling:<\/h3>\n<p>Basierend auf Ihrer Einwilligung zur Verwendung von Marketing-Cookies kann der Verantwortliche Tools einsetzen, die Daten (wie Informationen \u00fcber Ihre Aktivit\u00e4ten auf der Website) verarbeiten, um Nutzerprofile zu erstellen. Ziel dieses Profilings ist es, Werbekampagnen gezielter auszurichten und Ihnen relevante Inhalte und Angebote anzuzeigen. Diese Verarbeitung stellt keine automatisierte Einzelfallentscheidung mit rechtlichen oder \u00e4hnlich erheblichen Auswirkungen auf Sie dar.<\/p>\n<h3>Pflicht zur Bereitstellung personenbezogener Daten in Form von Cookies:<\/h3>\n<p>Ein Website-Besucher als betroffene Person stellt seine personenbezogenen Daten freiwillig auf Grundlage einer Einwilligung zur Verf\u00fcgung (die Bereitstellung ist weder gesetzlich noch vertraglich vorgeschrieben). Werden diese Daten nicht bereitgestellt, verarbeitet der Verantwortliche keine Cookies zum Zweck der Bereitstellung, Verbesserung oder Entwicklung neuer Dienste \u2013 mit Ausnahme der unbedingt erforderlichen Cookies.<\/p>\n<h2>2. Verwalten Ihrer Cookie-Einstellungen<\/h2>\n<h3>Vermeidung der Verwendung von Cookies auf dieser Website:<\/h3>\n<p>Standardm\u00e4\u00dfig verfolgt der Betreiber NICHT die Erfahrungen der Besucher dieser Websites. Die betroffene Person kann der Verarbeitung personenbezogener Daten, die beim Surfen auf der Website erhoben werden, zustimmen. Der Betroffene hat zudem die M\u00f6glichkeit, die Verarbeitung etwaiger Cookies direkt in seinem Webbrowser zu deaktivieren.<\/p>\n<h3>Deaktivierung und Verhinderung der Verwendung von Cookies:<\/h3>\n<p>Die betroffene Person kann die Verwendung von Cookies auf diesen Websites jederzeit einschr\u00e4nken, blockieren oder l\u00f6schen, indem sie die Einstellungen ihres Browsers unter den folgenden Links \u00e4ndert:<\/p>\n<ul>\n<li><a href=\"https:\/\/support.mozilla.org\/en-US\/kb\/how-do-i-turn-do-not-track-feature\" target=\"_blank\" rel=\"nofollow noopener\">Firefox<\/a><\/li>\n<li><a href=\"https:\/\/support.microsoft.com\/en-us\/help\/17288\/windows-internet-explorer-11-use-do-not-track\" target=\"_blank\" rel=\"nofollow noopener\">Internet Explorer<\/a><\/li>\n<li><a href=\"https:\/\/support.google.com\/chrome\/answer\/114836?hl=en&amp;ref_topic=3421433\" target=\"_blank\" rel=\"nofollow noopener\">Chrome<\/a><\/li>\n<li><a href=\"http:\/\/help.apple.com\/safari\/mac\/9.0\/#\/sfri40732\" target=\"_blank\" rel=\"nofollow noopener\">Safari<\/a><\/li>\n<li><a href=\"https:\/\/help.opera.com\/en\/opera36\/be-safe-and-private\/#:~:text=Go%20to%20Settings%20(Preferences%20on%20Mac).%20Click,Track'%20request%20with%20your%20browsing%20traffic%20checkbox.\" target=\"_blank\" rel=\"nofollow noopener\">Opera<\/a><\/li>\n<li><a href=\"https:\/\/support.microsoft.com\/en-us\/microsoft-edge\/learn-about-tracking-prevention-in-microsoft-edge-5ac125e8-9b90-8d59-fa2c-7f2e9a44d869\" target=\"_blank\" rel=\"nofollow noopener\">Microsoft Edge<\/a><\/li>\n<\/ul>\n<p>Wenn die betroffene Person alle Cookies deaktiviert, wird bei jedem Besuch dieser Website ein Cookie-Banner angezeigt. Der Betroffene hat als Besucher dieser Webseiten jederzeit die M\u00f6glichkeit, seine Entscheidung \u00fcber die Erteilung oder Nichterteilung einer Einwilligung zur Verarbeitung von Cookies zu \u00e4ndern.<\/p>\n<h2>3. Rechte der betroffenen Person<\/h2>\n<p>Gem\u00e4\u00df der Verordnung hat der Website-Besucher als betroffene Person das Recht, vom Betreiber Zugang zu den \u00fcber ihn verarbeiteten personenbezogenen Daten, das Recht auf Berichtigung personenbezogener Daten, das Recht auf L\u00f6schung oder Einschr\u00e4nkung der Verarbeitung personenbezogener Daten zu verlangen , das Recht auf Widerspruch gegen die Verarbeitung personenbezogener Daten, das Recht auf Unwirksamkeit automatisierter individueller Entscheidungen, einschlie\u00dflich Profiling, das Recht auf \u00dcbertragbarkeit personenbezogener Daten sowie das Recht, einer Aufsichtsbeh\u00f6rde einen Vorschlag zur Einleitung eines Verfahrens zu unterbreiten Beh\u00f6rde.<\/p>\n<p>Verarbeitet der Betreiber personenbezogene Daten auf Grundlage einer Einwilligung des Betroffenen, hat der Betroffene das Recht, seine Einwilligung zur Verarbeitung personenbezogener Daten jederzeit zu widerrufen. Der Widerruf der Einwilligung hat keinen Einfluss auf die Rechtm\u00e4\u00dfigkeit der Verarbeitung personenbezogener Daten, die auf der Einwilligung vor dem Widerruf beruhte.<\/p>\n<p>Die betroffene Person kann ihre Rechte aus\u00fcben, indem sie eine E-Mail an: gdpr.sk@msg.group sendet oder sich schriftlich an den Verantwortlichen wendet unter: msg life Slovakia s. r. o., Hrani\u010dn\u00e1 18, 821 05 Bratislava.<\/p>\n","protected":false},"excerpt":{"rendered":"<p>Cookie-Richtlinie Was sind Cookies: Ein Cookie ist eine kleine Textdatei, die Websites auf Ihrem PC, Telefon oder einem anderen Ger\u00e4t speichern und die Informationen \u00fcber Ihre Aktivit\u00e4ten auf dieser Website [&hellip;]<\/p>\n","protected":false},"author":1,"featured_media":0,"parent":0,"menu_order":0,"comment_status":"closed","ping_status":"closed","template":"","meta":{"_acf_changed":false,"footnotes":""},"class_list":["post-13675","page","type-page","status-publish","hentry"],"acf":[],"aioseo_notices":[],"_links":{"self":[{"href":"https:\/\/performance-msg-life-sk.rucolabs.sk\/de\/wp-json\/wp\/v2\/pages\/13675","targetHints":{"allow":["GET"]}}],"collection":[{"href":"https:\/\/performance-msg-life-sk.rucolabs.sk\/de\/wp-json\/wp\/v2\/pages"}],"about":[{"href":"https:\/\/performance-msg-life-sk.rucolabs.sk\/de\/wp-json\/wp\/v2\/types\/page"}],"author":[{"embeddable":true,"href":"https:\/\/performance-msg-life-sk.rucolabs.sk\/de\/wp-json\/wp\/v2\/users\/1"}],"replies":[{"embeddable":true,"href":"https:\/\/performance-msg-life-sk.rucolabs.sk\/de\/wp-json\/wp\/v2\/comments?post=13675"}],"version-history":[{"count":10,"href":"https:\/\/performance-msg-life-sk.rucolabs.sk\/de\/wp-json\/wp\/v2\/pages\/13675\/revisions"}],"predecessor-version":[{"id":26885,"href":"https:\/\/performance-msg-life-sk.rucolabs.sk\/de\/wp-json\/wp\/v2\/pages\/13675\/revisions\/26885"}],"wp:attachment":[{"href":"https:\/\/performance-msg-life-sk.rucolabs.sk\/de\/wp-json\/wp\/v2\/media?parent=13675"}],"curies":[{"name":"wp","href":"https:\/\/api.w.org\/{rel}","templated":true}]}}